{"id":41,"date":"2018-05-28T10:23:11","date_gmt":"2018-05-28T10:23:11","guid":{"rendered":"http:\/\/multipurpose.loc\/hotel\/?page_id=41"},"modified":"2025-03-20T16:09:46","modified_gmt":"2025-03-20T16:09:46","slug":"zimmer","status":"publish","type":"page","link":"https:\/\/berghaushochschneeberg.at\/sk\/zimmer\/","title":{"rendered":"Izby"},"content":{"rendered":"<p>[vc_row][vc_column][vc_custom_heading text=&#8220;Izby&#8220; font_container=&#8220;tag:h2|text_align:center&#8220; use_theme_fonts=&#8220;yes&#8220; css=&#8220;.vc_custom_1590329566056{margin-bottom: 60px !important;}&#8220;][\/vc_column][\/vc_row][vc_row][vc_column width=&#8220;1\/3&#8243;][vc_single_image image=&#8220;1895&#8243; img_size=&#8220;large&#8220;][vc_column_text]<\/p>\n<h4>Izba s verandou<\/h4>\n<p>Udobna soba z verando nudi prostor za 2 osebi, vklju\u010dno s prho in zajtrkom.[\/vc_column_text][vc_btn title=&#8220;Rezerv\u00e1cie&#8220; color=&#8220;primary&#8220; align=&#8220;center&#8220; button_block=&#8220;true&#8220; link=&#8220;url:mailto%3Aberghaus.hochschneeberg%40aon.at|||&#8220;][\/vc_column][vc_column width=&#8220;1\/3&#8243;][vc_single_image image=&#8220;1884&#8243; img_size=&#8220;large&#8220;][vc_column_text]<\/p>\n<h4 id=\"tw-target-text\" class=\"tw-data-text tw-text-large XcVN5d tw-ta\" dir=\"ltr\" data-placeholder=\"\u00dcbersetzung\">Dvojl\u00f4\u017ekov\u00e1 izba<\/h4>\n<p>Dvojl\u00f4\u017ekov\u00e1 izba s dvoma samostatn\u00fdmi poste\u013eami a sprchovac\u00edm k\u00fatom.[\/vc_column_text][vc_btn title=&#8220;Rezerv\u00e1cie&#8220; color=&#8220;primary&#8220; align=&#8220;center&#8220; button_block=&#8220;true&#8220; link=&#8220;url:mailto%3Aberghaus.hochschneeberg%40aon.at|||&#8220;][\/vc_column][vc_column width=&#8220;1\/3&#8243;][vc_single_image image=&#8220;1871&#8243; img_size=&#8220;large&#8220;][vc_column_text]<\/p>\n<h4>Zdie\u013ean\u00e1 izba<\/h4>\n<p>Idealno za 4 do 12 oseb, idealno za velike skupine. Z zajtrkom in tu\u0161em na hodniku.[\/vc_column_text][vc_btn title=&#8220;Rezerv\u00e1cie&#8220; color=&#8220;primary&#8220; align=&#8220;center&#8220; button_block=&#8220;true&#8220; link=&#8220;url:mailto%3Aberghaus.hochschneeberg%40aon.at|||&#8220;][\/vc_column][\/vc_row][vc_row][vc_column width=&#8220;1\/3&#8243;][vc_single_image image=&#8220;1864&#8243; img_size=&#8220;large&#8220;][vc_column_text]<\/p>\n<h4>Cesarjev apartma<\/h4>\n<p>Okrem man\u017eelskej postele s\u00fa v historicke izbe Kaiserzimmer (z nemeck\u00e9ho jazyka) k dispoz\u00edcii \u010fal\u0161ie tri samostatn\u00e9 postele.[\/vc_column_text][vc_btn title=&#8220;Rezerv\u00e1cie&#8220; color=&#8220;primary&#8220; align=&#8220;center&#8220; button_block=&#8220;true&#8220; link=&#8220;url:mailto%3Aberghaus.hochschneeberg%40aon.at|||&#8220;][\/vc_column][vc_column width=&#8220;1\/3&#8243;][vc_single_image image=&#8220;1841&#8243; img_size=&#8220;large&#8220;][vc_column_text]<\/p>\n<h4>Rodinn\u00e1 izba<\/h4>\n<p>Prostorna dru\u017einska soba z baldahinom nad posteljo. Prostorna dru\u017einska soba z baldahinom nad posteljo. Ponuja 3 dodatna le\u017ei\u0161\u010da in tu\u0161.[\/vc_column_text][vc_btn title=&#8220;Rezerv\u00e1cie&#8220; color=&#8220;primary&#8220; align=&#8220;center&#8220; button_block=&#8220;true&#8220; link=&#8220;url:mailto%3Aberghaus.hochschneeberg%40aon.at|||&#8220;][\/vc_column][vc_column width=&#8220;1\/3&#8243;][vc_single_image image=&#8220;1867&#8243; img_size=&#8220;large&#8220;][vc_column_text]<\/p>\n<h4>Miestnos\u0165 pre adjutanta<\/h4>\n<p>Adjutantova soba ima zakonsko posteljo in notranji<br \/>\ndostop do cesarskega stanovanja.<br \/>\nV sobi imate tu\u0161.[\/vc_column_text][vc_btn title=&#8220;Rezerv\u00e1cie&#8220; color=&#8220;primary&#8220; align=&#8220;center&#8220; button_block=&#8220;true&#8220; link=&#8220;url:mailto%3Aberghaus.hochschneeberg%40aon.at|||&#8220;][\/vc_column][\/vc_row][vc_row][vc_column width=&#8220;1\/3&#8243;][vc_single_image image=&#8220;1888&#8243; img_size=&#8220;large&#8220;][vc_column_text]<\/p>\n<h4 id=\"tw-target-text\" class=\"tw-data-text tw-text-large XcVN5d tw-ta\" dir=\"ltr\" data-placeholder=\"\u00dcbersetzung\">Exotick\u00e1 izba<\/h4>\n<p class=\"tw-data-text tw-text-large XcVN5d tw-ta\" dir=\"ltr\" data-placeholder=\"\u00dcbersetzung\">Soba ima do 6 le\u017ei\u0161\u010d. V primeru zasedenosti 4 ali ve\u010d oseb se cena zni\u017ea.<\/p>\n<p>[\/vc_column_text][vc_btn title=&#8220;Rezerv\u00e1cie&#8220; color=&#8220;primary&#8220; align=&#8220;center&#8220; button_block=&#8220;true&#8220; link=&#8220;url:mailto%3Aberghaus.hochschneeberg%40aon.at|||&#8220;][\/vc_column][vc_column width=&#8220;1\/3&#8243;][vc_single_image image=&#8220;1885&#8243; img_size=&#8220;large&#8220;][vc_column_text]<\/p>\n<h4 id=\"tw-target-text\" class=\"tw-data-text tw-text-large XcVN5d tw-ta\" dir=\"ltr\" data-placeholder=\"\u00dcbersetzung\">Mal\u00e1 izba<\/h4>\n<p class=\"tw-data-text tw-text-large XcVN5d tw-ta\" dir=\"ltr\" data-placeholder=\"\u00dcbersetzung\">Izba pon\u00faka priestor pre 2 osoby. S ra\u0148ajkami a sprchou.<\/p>\n<p>[\/vc_column_text][vc_btn title=&#8220;Rezerv\u00e1cie&#8220; color=&#8220;primary&#8220; align=&#8220;center&#8220; button_block=&#8220;true&#8220; link=&#8220;url:mailto%3Aberghaus.hochschneeberg%40aon.at|||&#8220;][\/vc_column][\/vc_row]<\/p>","protected":false},"excerpt":{"rendered":"<p>[vc_row][vc_column][vc_custom_heading text=&#8220;Izby&#8220; font_container=&#8220;tag:h2|text_align:center&#8220; use_theme_fonts=&#8220;yes&#8220; css=&#8220;.vc_custom_1590329566056{margin-bottom: 60px !important;}&#8220;][\/vc_column][\/vc_row][vc_row][vc_column width=&#8220;1\/3&#8243;][vc_single_image image=&#8220;1895&#8243; img_size=&#8220;large&#8220;][vc_column_text] Izba s verandou Udobna soba z verando nudi prostor za 2 osebi, vklju\u010dno s prho in zajtrkom.[\/vc_column_text][vc_btn title=&#8220;Rezerv\u00e1cie&#8220; color=&#8220;primary&#8220; align=&#8220;center&#8220; button_block=&#8220;true&#8220; link=&#8220;url:mailto%3Aberghaus.hochschneeberg%40aon.at|||&#8220;][\/vc_column][vc_column width=&#8220;1\/3&#8243;][vc_single_image image=&#8220;1884&#8243; img_size=&#8220;large&#8220;][vc_column_text] Dvojl\u00f4\u017ekov\u00e1 izba Dvojl\u00f4\u017ekov\u00e1 izba s dvoma samostatn\u00fdmi poste\u013eami a sprchovac\u00edm k\u00fatom.[\/vc_column_text][vc_btn title=&#8220;Rezerv\u00e1cie&#8220; color=&#8220;primary&#8220; align=&#8220;center&#8220; button_block=&#8220;true&#8220; link=&#8220;url:mailto%3Aberghaus.hochschneeberg%40aon.at|||&#8220;][\/vc_column][vc_column width=&#8220;1\/3&#8243;][vc_single_image image=&#8220;1871&#8243; img_size=&#8220;large&#8220;][vc_column_text] Zdie\u013ean\u00e1 [&hellip;]<\/p>\n","protected":false},"author":1,"featured_media":0,"parent":0,"menu_order":0,"comment_status":"closed","ping_status":"closed","template":"","meta":[],"_links":{"self":[{"href":"https:\/\/berghaushochschneeberg.at\/sk\/wp-json\/wp\/v2\/pages\/41"}],"collection":[{"href":"https:\/\/berghaushochschneeberg.at\/sk\/wp-json\/wp\/v2\/pages"}],"about":[{"href":"https:\/\/berghaushochschneeberg.at\/sk\/wp-json\/wp\/v2\/types\/page"}],"author":[{"embeddable":true,"href":"https:\/\/berghaushochschneeberg.at\/sk\/wp-json\/wp\/v2\/users\/1"}],"replies":[{"embeddable":true,"href":"https:\/\/berghaushochschneeberg.at\/sk\/wp-json\/wp\/v2\/comments?post=41"}],"version-history":[{"count":128,"href":"https:\/\/berghaushochschneeberg.at\/sk\/wp-json\/wp\/v2\/pages\/41\/revisions"}],"predecessor-version":[{"id":2130,"href":"https:\/\/berghaushochschneeberg.at\/sk\/wp-json\/wp\/v2\/pages\/41\/revisions\/2130"}],"wp:attachment":[{"href":"https:\/\/berghaushochschneeberg.at\/sk\/wp-json\/wp\/v2\/media?parent=41"}],"curies":[{"name":"wp","href":"https:\/\/api.w.org\/{rel}","templated":true}]}}