{"id":258,"date":"2018-06-04T03:49:55","date_gmt":"2018-06-04T03:49:55","guid":{"rendered":"http:\/\/multipurpose.loc\/hotel\/?page_id=258"},"modified":"2021-09-16T16:02:15","modified_gmt":"2021-09-16T16:02:15","slug":"galerie","status":"publish","type":"page","link":"https:\/\/berghaushochschneeberg.at\/sk\/galerie\/","title":{"rendered":"Gal\u00e9ria"},"content":{"rendered":"<p>[vc_row][vc_column][vc_custom_heading source=&#8220;post_title&#8220; font_container=&#8220;tag:h2|text_align:center&#8220; use_theme_fonts=&#8220;yes&#8220; css=&#8220;.vc_custom_1539948482659{margin-bottom: 60px !important;}&#8220;][vc_gallery type=&#8220;image_grid&#8220; images=&#8220;1895,1894,1864,1641,1640,1635,1569,1638,1410,1416&#8243; img_size=&#8220;medium&#8220;][\/vc_column][\/vc_row][vc_row][vc_column width=&#8220;1\/2&#8243;][vc_column_text]<\/p>\n<h3>Panorama Webcam<\/h3>\n<p><a href=\"https:\/\/www.schneeberg.tv\/livebild\/hsb\/hsb_down_hi.jpg\"><img loading=\"lazy\" src=\"https:\/\/www.schneeberg.tv\/livebild\/hsb\/hsb_down_hi.jpg\" alt=\"\" width=\"2048\" height=\"1536\" \/><\/a>[\/vc_column_text][vc_btn title=&#8220;View more&#8220; color=&#8220;primary&#8220; align=&#8220;center&#8220; button_block=&#8220;true&#8220; link=&#8220;url:http%3A%2F%2Fschneeberg.tv%2F||target:%20_blank|&#8220;][\/vc_column][vc_column width=&#8220;1\/2&#8243;][vc_column_text]<\/p>\n<h3>Panorama Webcam<\/h3>\n<p>&nbsp;<\/p>\n<figure><a href=\"https:\/\/de.wikipedia.org\/wiki\/Berghaus_Hochschneeberg#Geschichte\"><img loading=\"lazy\" src=\"https:\/\/berghaushochschneeberg.at\/wp-content\/uploads\/2020\/05\/Berghaus-1024x471.png\" sizes=\"(max-width: 1024px) 100vw, 1024px\" srcset=\"https:\/\/berghaushochschneeberg.at\/wp-content\/uploads\/2020\/05\/Berghaus-1024x471.png 1024w, https:\/\/berghaushochschneeberg.at\/wp-content\/uploads\/2020\/05\/Berghaus-300x138.png 300w, https:\/\/berghaushochschneeberg.at\/wp-content\/uploads\/2020\/05\/Berghaus-768x353.png 768w, https:\/\/berghaushochschneeberg.at\/wp-content\/uploads\/2020\/05\/Berghaus.png 1227w\" alt=\"\" width=\"1024\" height=\"471\" \/><\/a><\/figure>\n<h3><a href=\"https:\/\/de.wikipedia.org\/wiki\/Berghaus_Hochschneeberg\">The Berghaus Hochschneeberg <\/a><\/h3>\n<p>Hotel postavili v roku 1898 rak\u00faske \u0161t\u00e1tne \u017eeleznice pod\u013ea pl\u00e1nov divadeln\u00fdch architektov Helmer &amp; Fellner. V tom \u010dase u\u017e mal telef\u00f3nne spojenie a po\u0161tu, ktor\u00e1 niesla pe\u010diatku &#8222;Hochschneeberg&#8220;.<br \/>\nHotel a kostol Elisabethkirche nav\u0161t\u00edvil 18. j\u00fana 1902 cis\u00e1r Franti\u0161ek Jozef. Horsk\u00fd dom bol po druhej svetovej vojne zmodernizovan\u00fd, do roku 1997 bol vo vlastn\u00edctve \u00d6BB a potom bol predan\u00fd s\u00fakromnej osobe. Pozemky v jeho okol\u00ed patria (podobne ako Schneeberg vo v\u0161eobecnosti, preto\u017ee patr\u00ed do povodia 1. viedensk\u00e9ho vysokohorsk\u00e9ho vodovodu) mestu Viede\u0148 alebo, pokia\u013e sa vyu\u017e\u00edvaj\u00fa na prev\u00e1dzku \u017eeleznice, spolo\u010dnosti Schneebergbahn.<\/p>\n<p>Potraviny a in\u00e9 potreby Berghausu sa dod\u00e1vaj\u00fa ozubnicovou \u017eeleznicou. Od in\u0161tal\u00e1cie vodovodn\u00e9ho potrubia na Schneebergu v rokoch 2005\/2006 je v Berghause Hochschneeberg po cel\u00fd \u010das \u010derstv\u00e1 voda.[\/vc_column_text][vc_btn title=&#8220;Viac inform\u00e1ci\u00ed na Wikip\u00e9dii&#8220; color=&#8220;primary&#8220; align=&#8220;center&#8220; button_block=&#8220;true&#8220; link=&#8220;url:https%3A%2F%2Fde.wikipedia.org%2Fwiki%2FBerghaus_Hochschneeberg||target:%20_blank|&#8220;][\/vc_column][\/vc_row][vc_row][vc_column][\/vc_column][\/vc_row]<\/p>","protected":false},"excerpt":{"rendered":"<p>[vc_row][vc_column][vc_custom_heading source=&#8220;post_title&#8220; font_container=&#8220;tag:h2|text_align:center&#8220; use_theme_fonts=&#8220;yes&#8220; css=&#8220;.vc_custom_1539948482659{margin-bottom: 60px !important;}&#8220;][vc_gallery type=&#8220;image_grid&#8220; images=&#8220;1895,1894,1864,1641,1640,1635,1569,1638,1410,1416&#8243; img_size=&#8220;medium&#8220;][\/vc_column][\/vc_row][vc_row][vc_column width=&#8220;1\/2&#8243;][vc_column_text] Panorama Webcam [\/vc_column_text][vc_btn title=&#8220;View more&#8220; color=&#8220;primary&#8220; align=&#8220;center&#8220; button_block=&#8220;true&#8220; link=&#8220;url:http%3A%2F%2Fschneeberg.tv%2F||target:%20_blank|&#8220;][\/vc_column][vc_column width=&#8220;1\/2&#8243;][vc_column_text] Panorama Webcam &nbsp; The Berghaus Hochschneeberg Hotel postavili v roku 1898 rak\u00faske \u0161t\u00e1tne \u017eeleznice pod\u013ea pl\u00e1nov divadeln\u00fdch architektov Helmer &amp; Fellner. V tom \u010dase u\u017e mal telef\u00f3nne spojenie a po\u0161tu, ktor\u00e1 niesla pe\u010diatku &#8222;Hochschneeberg&#8220;. [&hellip;]<\/p>\n","protected":false},"author":1,"featured_media":0,"parent":0,"menu_order":0,"comment_status":"closed","ping_status":"closed","template":"","meta":[],"_links":{"self":[{"href":"https:\/\/berghaushochschneeberg.at\/sk\/wp-json\/wp\/v2\/pages\/258"}],"collection":[{"href":"https:\/\/berghaushochschneeberg.at\/sk\/wp-json\/wp\/v2\/pages"}],"about":[{"href":"https:\/\/berghaushochschneeberg.at\/sk\/wp-json\/wp\/v2\/types\/page"}],"author":[{"embeddable":true,"href":"https:\/\/berghaushochschneeberg.at\/sk\/wp-json\/wp\/v2\/users\/1"}],"replies":[{"embeddable":true,"href":"https:\/\/berghaushochschneeberg.at\/sk\/wp-json\/wp\/v2\/comments?post=258"}],"version-history":[{"count":55,"href":"https:\/\/berghaushochschneeberg.at\/sk\/wp-json\/wp\/v2\/pages\/258\/revisions"}],"predecessor-version":[{"id":2067,"href":"https:\/\/berghaushochschneeberg.at\/sk\/wp-json\/wp\/v2\/pages\/258\/revisions\/2067"}],"wp:attachment":[{"href":"https:\/\/berghaushochschneeberg.at\/sk\/wp-json\/wp\/v2\/media?parent=258"}],"curies":[{"name":"wp","href":"https:\/\/api.w.org\/{rel}","templated":true}]}}