{"id":1377,"date":"2018-06-05T11:42:23","date_gmt":"2018-06-05T11:42:23","guid":{"rendered":"http:\/\/hotello-demo.loc\/alpen\/?page_id=1373"},"modified":"2025-03-20T10:04:12","modified_gmt":"2025-03-20T10:04:12","slug":"restaurant","status":"publish","type":"page","link":"https:\/\/berghaushochschneeberg.at\/sk\/restaurant\/","title":{"rendered":"Re\u0161taur\u00e1cia"},"content":{"rendered":"<p>[vc_row][vc_column][vc_custom_heading source=&#8220;post_title&#8220; font_container=&#8220;tag:h2|text_align:center&#8220; use_theme_fonts=&#8220;yes&#8220; css=&#8220;.vc_custom_1539948683235{margin-bottom: 60px !important;}&#8220;][stm_spacer height=&#8220;30&#8243; height_tablet=&#8220;30&#8243; height_mobile=&#8220;30&#8243;][\/vc_column][\/vc_row][vc_row shadow_x_offset=&#8220;0&#8243; shadow_y_offset=&#8220;0&#8243; shadow_blur=&#8220;0&#8243; shadow_spread=&#8220;0&#8243; shadow_color=&#8220;&#8220; css=&#8220;.vc_custom_1584717547780{background-color: #f9f9f9 !important;}&#8220;][vc_column width=&#8220;1\/6&#8243;][\/vc_column][vc_column width=&#8220;1\/6&#8243; shadow_x_offset=&#8220;0&#8243; shadow_y_offset=&#8220;0&#8243; shadow_blur=&#8220;0&#8243; shadow_spread=&#8220;0&#8243; shadow_color=&#8220;&#8220; offset=&#8220;vc_col-lg-8 vc_col-md-8&#8243;][stm_spacer height_tablet=&#8220;10&#8243; height_mobile=&#8220;10&#8243;][vc_custom_heading text=&#8220;MENU*&#8220; font_container=&#8220;tag:h4|text_align:center&#8220; use_theme_fonts=&#8220;yes&#8220; css=&#8220;.vc_custom_1584972659930{margin-bottom: 10px !important;}&#8220; el_class=&#8220;sm-text-center&#8220;][stm_spacer height_tablet=&#8220;10&#8243; height_mobile=&#8220;10&#8243;][vc_column_text el_class=&#8220;sm-text-center&#8220;]<\/p>\n<p id=\"tw-target-text\" class=\"tw-data-text tw-text-large tw-ta\" dir=\"ltr\" style=\"text-align: center;\" data-placeholder=\"Translation\"><span lang=\"sk\">Polievka d\u0148a<\/span><\/p>\n<p class=\"tw-data-text tw-text-large tw-ta\" dir=\"ltr\" style=\"text-align: center;\" data-placeholder=\"Translation\"><span lang=\"sk\">Wiener Schnitzel so zmie\u0161an\u00fdm \u0161al\u00e1tom<\/span><\/p>\n<p class=\"tw-data-text tw-text-large tw-ta\" dir=\"ltr\" style=\"text-align: center;\" data-placeholder=\"Translation\"><span lang=\"sk\">Pe\u010den\u00e9 brav\u010dov\u00e9 m\u00e4so s kyslou kapustou a kned\u013eami<\/span><\/p>\n<p class=\"tw-data-text tw-text-large tw-ta\" dir=\"ltr\" style=\"text-align: center;\" data-placeholder=\"Translation\"><span lang=\"sk\">Pe\u010den\u00e9 brav\u010dov\u00e9 m\u00e4so so zmie\u0161an\u00fdm \u0161al\u00e1tom a kned\u013eami<\/span><\/p>\n<p class=\"tw-data-text tw-text-large tw-ta\" dir=\"ltr\" style=\"text-align: center;\" data-placeholder=\"Translation\"><span lang=\"sk\">\u00daden\u00e9 kysl\u00e1 kapusta a knedle<\/span><\/p>\n<p class=\"tw-data-text tw-text-large tw-ta\" dir=\"ltr\" style=\"text-align: center;\" data-placeholder=\"Translation\"><span lang=\"sk\">M\u00e4so z kore\u0148ov\u00e9ho \u0161tajerska so zemiakmi a chrenom<\/span><\/p>\n<p>[\/vc_column_text][vc_separator][vc_column_text el_class=&#8220;sm-text-center&#8220;]<\/p>\n<div class=\"jhH5U\">\n<div id=\"tw-ob\" class=\"tw-src-ltr\">\n<div class=\"oSioSc\">\n<div id=\"tw-target\">\n<div id=\"kAz1tf\" class=\"g9WsWb\">\n<div id=\"tw-target-text-container\" class=\"tw-ta-container hide-focus-ring tw-nfl\" tabindex=\"0\">\n<p id=\"tw-target-text\" class=\"tw-data-text tw-text-large tw-ta\" dir=\"ltr\" style=\"text-align: center;\" data-placeholder=\"Translation\"><span lang=\"sk\">Pe\u010den\u00fd karfiol so zmie\u0161an\u00fdm \u0160al\u00e1tov\u00e1 a tat\u00e1rska om\u00e1\u010dka<\/span><\/p>\n<\/div>\n<\/div>\n<\/div>\n<\/div>\n<\/div>\n<\/div>\n<p>[\/vc_column_text][vc_separator][vc_separator][vc_column_text el_class=&#8220;sm-text-center&#8220;]<\/p>\n<p id=\"tw-target-text\" class=\"tw-data-text tw-text-large tw-ta\" dir=\"ltr\" style=\"text-align: center;\" data-placeholder=\"Translation\"><span lang=\"sk\"> *Ceny pon\u00fak pre skupiny od 20 os\u00f4b<\/span><\/p>\n<p>[\/vc_column_text][vc_custom_heading text=&#8220;M\u00da\u010cNIK&#8220; font_container=&#8220;tag:h4|text_align:center&#8220; use_theme_fonts=&#8220;yes&#8220; css=&#8220;.vc_custom_1584973416548{margin-bottom: 10px !important;}&#8220; el_class=&#8220;sm-text-center&#8220;][vc_column_text el_class=&#8220;sm-text-center&#8220;]<\/p>\n<div class=\"jhH5U\">\n<div id=\"tw-ob\" class=\"tw-src-ltr\">\n<div class=\"oSioSc\">\n<div id=\"tw-target\">\n<div id=\"kAz1tf\" class=\"g9WsWb\">\n<div id=\"tw-target-text-container\" class=\"tw-ta-container hide-focus-ring tw-nfl\" tabindex=\"0\">\n<p id=\"tw-target-text\" class=\"tw-data-text tw-text-large tw-ta\" dir=\"ltr\" style=\"text-align: center;\" data-placeholder=\"Translation\"><span lang=\"sk\">Star\u00fd viedensk\u00fd jablkov\u00fd z\u00e1vin, \u010du\u010doriedkov\u00fd z\u00e1vin so \u0161\u013eaha\u010dkou, tvarohov\u00fd z\u00e1vin pod\u00e1van\u00fd tepl\u00fd alebo &#8222;Schneebergkrapfen&#8220;<\/span><\/p>\n<\/div>\n<\/div>\n<\/div>\n<\/div>\n<\/div>\n<\/div>\n<p>[\/vc_column_text][stm_spacer height_tablet=&#8220;30&#8243; height_mobile=&#8220;30&#8243;][\/vc_column][vc_column width=&#8220;1\/6&#8243;][\/vc_column][\/vc_row][vc_row][vc_column][stm_spacer height=&#8220;30&#8243; height_tablet=&#8220;30&#8243; height_mobile=&#8220;30&#8243;][\/vc_column][\/vc_row][vc_row shadow_x_offset=&#8220;0&#8243; shadow_y_offset=&#8220;0&#8243; shadow_blur=&#8220;0&#8243; shadow_spread=&#8220;0&#8243; shadow_color=&#8220;&#8220;][vc_column][stm_carousel_gallery images_effect=&#8220;0&#8243; lightgallery=&#8220;disable&#8220; images_margin=&#8220;50&#8243; navigation=&#8220;disable&#8220; thumbnails=&#8220;disable&#8220; description=&#8220;disable&#8220; pagination=&#8220;disable&#8220; dots=&#8220;enable&#8220; images=&#8220;1636,1641,1638,1637,1639,1640,1642&#8243; image_size=&#8220;1170&#215;650&#8243;][\/vc_column][\/vc_row]<\/p>","protected":false},"excerpt":{"rendered":"<p>[vc_row][vc_column][vc_custom_heading source=&#8220;post_title&#8220; font_container=&#8220;tag:h2|text_align:center&#8220; use_theme_fonts=&#8220;yes&#8220; css=&#8220;.vc_custom_1539948683235{margin-bottom: 60px !important;}&#8220;][stm_spacer height=&#8220;30&#8243; height_tablet=&#8220;30&#8243; height_mobile=&#8220;30&#8243;][\/vc_column][\/vc_row][vc_row shadow_x_offset=&#8220;0&#8243; shadow_y_offset=&#8220;0&#8243; shadow_blur=&#8220;0&#8243; shadow_spread=&#8220;0&#8243; shadow_color=&#8220;&#8220; css=&#8220;.vc_custom_1584717547780{background-color: #f9f9f9 !important;}&#8220;][vc_column width=&#8220;1\/6&#8243;][\/vc_column][vc_column width=&#8220;1\/6&#8243; shadow_x_offset=&#8220;0&#8243; shadow_y_offset=&#8220;0&#8243; shadow_blur=&#8220;0&#8243; shadow_spread=&#8220;0&#8243; shadow_color=&#8220;&#8220; offset=&#8220;vc_col-lg-8 vc_col-md-8&#8243;][stm_spacer height_tablet=&#8220;10&#8243; height_mobile=&#8220;10&#8243;][vc_custom_heading text=&#8220;MENU*&#8220; font_container=&#8220;tag:h4|text_align:center&#8220; use_theme_fonts=&#8220;yes&#8220; css=&#8220;.vc_custom_1584972659930{margin-bottom: 10px !important;}&#8220; el_class=&#8220;sm-text-center&#8220;][stm_spacer height_tablet=&#8220;10&#8243; height_mobile=&#8220;10&#8243;][vc_column_text el_class=&#8220;sm-text-center&#8220;] Polievka d\u0148a Wiener Schnitzel so zmie\u0161an\u00fdm \u0161al\u00e1tom Pe\u010den\u00e9 brav\u010dov\u00e9 m\u00e4so s kyslou kapustou a kned\u013eami Pe\u010den\u00e9 [&hellip;]<\/p>\n","protected":false},"author":1,"featured_media":0,"parent":0,"menu_order":0,"comment_status":"closed","ping_status":"closed","template":"","meta":[],"_links":{"self":[{"href":"https:\/\/berghaushochschneeberg.at\/sk\/wp-json\/wp\/v2\/pages\/1377"}],"collection":[{"href":"https:\/\/berghaushochschneeberg.at\/sk\/wp-json\/wp\/v2\/pages"}],"about":[{"href":"https:\/\/berghaushochschneeberg.at\/sk\/wp-json\/wp\/v2\/types\/page"}],"author":[{"embeddable":true,"href":"https:\/\/berghaushochschneeberg.at\/sk\/wp-json\/wp\/v2\/users\/1"}],"replies":[{"embeddable":true,"href":"https:\/\/berghaushochschneeberg.at\/sk\/wp-json\/wp\/v2\/comments?post=1377"}],"version-history":[{"count":74,"href":"https:\/\/berghaushochschneeberg.at\/sk\/wp-json\/wp\/v2\/pages\/1377\/revisions"}],"predecessor-version":[{"id":2102,"href":"https:\/\/berghaushochschneeberg.at\/sk\/wp-json\/wp\/v2\/pages\/1377\/revisions\/2102"}],"wp:attachment":[{"href":"https:\/\/berghaushochschneeberg.at\/sk\/wp-json\/wp\/v2\/media?parent=1377"}],"curies":[{"name":"wp","href":"https:\/\/api.w.org\/{rel}","templated":true}]}}