{"id":11,"date":"2020-03-21T04:39:02","date_gmt":"2020-03-21T04:39:02","guid":{"rendered":"http:\/\/multipurpose.loc\/hotel\/?page_id=7"},"modified":"2025-04-04T10:01:27","modified_gmt":"2025-04-04T10:01:27","slug":"front-page","status":"publish","type":"page","link":"https:\/\/berghaushochschneeberg.at\/sk\/","title":{"rendered":"Domov"},"content":{"rendered":"<p>[vc_row][vc_column][vc_column_text][\/vc_column_text][\/vc_column][\/vc_row][vc_row full_width=&#8220;stretch_row_content_no_spaces&#8220; shadow_x_offset=&#8220;0&#8243; shadow_y_offset=&#8220;0&#8243; shadow_blur=&#8220;0&#8243; shadow_spread=&#8220;0&#8243; shadow_color=&#8220;&#8220; el_class=&#8220;overlap&#8220;][vc_column shadow_x_offset=&#8220;0&#8243; shadow_y_offset=&#8220;0&#8243; shadow_blur=&#8220;0&#8243; shadow_spread=&#8220;0&#8243; offset=&#8220;vc_col-xs-12&#8243;][rev_slider_vc alias=&#8220;home-czech-1-1&#8243;][\/vc_column][\/vc_row][vc_section css=&#8220;.vc_custom_1539758021945{background-position: 0 0 !important;background-repeat: repeat !important;}&#8220;][vc_row][vc_column][stm_spacer height=&#8220;60&#8243; height_tablet=&#8220;70&#8243; height_mobile=&#8220;50&#8243;][vc_custom_heading text=&#8220;O n\u00e1s&#8220; font_container=&#8220;tag:h2|text_align:center&#8220; use_theme_fonts=&#8220;yes&#8220; heading_icon_color=&#8220;ttc&#8220;][stm_spacer height=&#8220;87&#8243; height_tablet=&#8220;60&#8243; height_mobile=&#8220;40&#8243;][\/vc_column][\/vc_row][vc_row shadow_x_offset=&#8220;0&#8243; shadow_y_offset=&#8220;0&#8243; shadow_blur=&#8220;0&#8243; shadow_spread=&#8220;0&#8243;][vc_column shadow_x_offset=&#8220;0&#8243; shadow_y_offset=&#8220;0&#8243; shadow_blur=&#8220;0&#8243; shadow_spread=&#8220;0&#8243; offset=&#8220;vc_col-lg-6 vc_col-md-6&#8243;][stm_spacer height=&#8220;15&#8243; height_tablet=&#8220;15&#8243; height_mobile=&#8220;15&#8243;][vc_row_inner][vc_column_inner width=&#8220;1\/2&#8243;][stm_icon_box icon_size=&#8220;32&#8243; icon_height=&#8220;39&#8243; icon_width=&#8220;47&#8243; title=&#8220;Panor\u00e1ma&#8220; iconbox_css=&#8220;.vc_custom_1584975707172{margin-top: -5px !important;}&#8220; css=&#8220;.vc_custom_1584975707173{margin-bottom: 6px !important;}&#8220;][\/stm_icon_box][vc_column_text css=&#8220;.vc_custom_1584975802088{margin-bottom: 0px !important;}&#8220;]<\/p>\n<div class=\"jhH5U\">\n<div id=\"tw-ob\" class=\"tw-src-ltr\">\n<div class=\"oSioSc\">\n<div id=\"tw-target\">\n<div id=\"kAz1tf\" class=\"g9WsWb\">\n<div id=\"tw-target-text-container\" class=\"tw-ta-container hide-focus-ring tw-nfl\" tabindex=\"0\">\n<p id=\"tw-target-text\" class=\"tw-data-text tw-text-large tw-ta\" dir=\"ltr\" data-placeholder=\"Translation\"><span lang=\"sk\">Kr\u00e1sna lokalita s n\u00e1dhern\u00fdm panoramatick\u00fdm v\u00fdh\u013eadom na ma\u010farsk\u00fa n\u00ed\u017einu<\/span><\/p>\n<\/div>\n<\/div>\n<\/div>\n<\/div>\n<\/div>\n<\/div>\n<p>[\/vc_column_text][stm_spacer height=&#8220;13&#8243; height_tablet=&#8220;10&#8243; height_mobile=&#8220;10&#8243;][\/vc_column_inner][vc_column_inner width=&#8220;1\/2&#8243;][stm_icon_box icon_size=&#8220;31&#8243; icon_height=&#8220;39&#8243; icon_width=&#8220;47&#8243; title=&#8220;Turistick\u00e9 trasy&#8220; iconbox_css=&#8220;.vc_custom_1584975726700{margin-top: -5px !important;}&#8220; css=&#8220;.vc_custom_1584975726702{margin-bottom: 6px !important;}&#8220;][\/stm_icon_box][vc_column_text]<\/p>\n<div class=\"jhH5U\">\n<div id=\"tw-ob\" class=\"tw-src-ltr\">\n<div class=\"oSioSc\">\n<div id=\"tw-target\">\n<div id=\"kAz1tf\" class=\"g9WsWb\">\n<div id=\"tw-target-text-container\" class=\"tw-ta-container hide-focus-ring tw-nfl\" tabindex=\"0\">\n<p id=\"tw-target-text\" class=\"tw-data-text tw-text-large tw-ta\" dir=\"ltr\" data-placeholder=\"Translation\"><span lang=\"sk\">Pre turistov je Berghaus v\u00fdchodiskov\u00fdm bodom pre hodinov\u00fa okru\u017en\u00fa t\u00faru \u201eParadies der Blick\u201c<\/span><\/p>\n<\/div>\n<\/div>\n<\/div>\n<\/div>\n<\/div>\n<\/div>\n<p>[\/vc_column_text][stm_spacer height=&#8220;13&#8243; height_tablet=&#8220;10&#8243; height_mobile=&#8220;10&#8243;][\/vc_column_inner][\/vc_row_inner][vc_row_inner][vc_column_inner width=&#8220;1\/2&#8243;][stm_icon_box icon_size=&#8220;33&#8243; icon_height=&#8220;39&#8243; icon_width=&#8220;47&#8243; title=&#8220;Labu\u017en\u00edk&#8220; iconbox_css=&#8220;.vc_custom_1584976002084{margin-top: -5px !important;}&#8220; css=&#8220;.vc_custom_1584976002085{margin-bottom: 12px !important;}&#8220;][\/stm_icon_box][vc_column_text css=&#8220;.vc_custom_1584975946927{margin-bottom: 0px !important;}&#8220;]<\/p>\n<div class=\"jhH5U\">\n<div id=\"tw-ob\" class=\"tw-src-ltr\">\n<div class=\"oSioSc\">\n<div id=\"tw-target\">\n<div id=\"kAz1tf\" class=\"g9WsWb\">\n<div id=\"tw-target-text-container\" class=\"tw-ta-container hide-focus-ring tw-nfl\" tabindex=\"0\">\n<p id=\"tw-target-text\" class=\"tw-data-text tw-text-large tw-ta\" dir=\"ltr\" data-placeholder=\"Translation\"><span lang=\"sk\">Pre labu\u017en\u00edkov je okrem in\u00e9ho varen\u00e9 hov\u00e4dzie m\u00e4so &#8222;Alpensauerampfer&#8220; nasledovan\u00e9 &#8222;Schneebergkrapfen&#8220;<\/span><\/p>\n<\/div>\n<\/div>\n<\/div>\n<\/div>\n<\/div>\n<\/div>\n<p>[\/vc_column_text][\/vc_column_inner][vc_column_inner width=&#8220;1\/2&#8243;][stm_icon_box icon_size=&#8220;30&#8243; icon_height=&#8220;39&#8243; icon_width=&#8220;47&#8243; title=&#8220;Schneebergbahn&#8220; iconbox_css=&#8220;.vc_custom_1584705073930{margin-top: -5px !important;}&#8220; css=&#8220;.vc_custom_1584705073931{margin-bottom: 12px !important;}&#8220;][\/stm_icon_box][vc_column_text]<\/p>\n<div class=\"jhH5U\">\n<div id=\"tw-ob\" class=\"tw-src-ltr\">\n<div class=\"oSioSc\">\n<div id=\"tw-target\">\n<div id=\"kAz1tf\" class=\"g9WsWb\">\n<div id=\"tw-target-text-container\" class=\"tw-ta-container hide-focus-ring tw-nfl\" tabindex=\"0\">\n<p id=\"tw-target-text\" class=\"tw-data-text tw-text-large tw-ta\" dir=\"ltr\" data-placeholder=\"Translation\"><span lang=\"sk\">Schneebergbahn vedie z dolnorak\u00faskeho mesta Puchberg am Schneeberg k n\u00e1hornej plo\u0161ine pod vrcholom Schneeberg<\/span><\/p>\n<\/div>\n<\/div>\n<\/div>\n<\/div>\n<\/div>\n<\/div>\n<p>[\/vc_column_text][\/vc_column_inner][\/vc_row_inner][\/vc_column][vc_column shadow_x_offset=&#8220;0&#8243; shadow_y_offset=&#8220;0&#8243; shadow_blur=&#8220;0&#8243; shadow_spread=&#8220;0&#8243; offset=&#8220;vc_col-lg-offset-1 vc_col-lg-5 vc_col-md-offset-1 vc_col-md-5 vc_hidden-sm vc_hidden-xs&#8220;][vc_single_image image=&#8220;1431&#8243; img_size=&#8220;large&#8220; alignment=&#8220;center&#8220;][\/vc_column][\/vc_row][vc_row][vc_column][stm_spacer height=&#8220;50&#8243; height_tablet=&#8220;100&#8243; height_mobile=&#8220;70&#8243;][\/vc_column][\/vc_row][\/vc_section][vc_section][vc_row full_width=&#8220;stretch_row&#8220; shadow_x_offset=&#8220;0&#8243; shadow_y_offset=&#8220;0&#8243; shadow_blur=&#8220;0&#8243; shadow_spread=&#8220;0&#8243; shadow_color=&#8220;&#8220; css=&#8220;.vc_custom_1539777121042{margin-bottom: 1px !important;background-color: #f8f8f8 !important;background-position: 0 0 !important;background-repeat: repeat !important;}&#8220;][vc_column stretch=&#8220;left&#8220; shadow_x_offset=&#8220;0&#8243; shadow_y_offset=&#8220;0&#8243; shadow_blur=&#8220;0&#8243; shadow_spread=&#8220;0&#8243; shadow_color=&#8220;&#8220; offset=&#8220;vc_col-lg-6 vc_col-md-7&#8243;][vc_single_image image=&#8220;1413&#8243; img_size=&#8220;full&#8220;][\/vc_column][vc_column shadow_x_offset=&#8220;0&#8243; shadow_y_offset=&#8220;0&#8243; shadow_blur=&#8220;0&#8243; shadow_spread=&#8220;0&#8243; offset=&#8220;vc_col-lg-offset-1 vc_col-lg-5 vc_col-md-offset-1 vc_col-md-4 vc_col-sm-offset-0&#8243;][vc_empty_space][vc_custom_heading text=&#8220;Na\u0161e izby&#8220; font_container=&#8220;tag:h2|font_size:38|text_align:left|line_height:40px&#8220; use_theme_fonts=&#8220;yes&#8220;][vc_column_text]<em><strong>Vse cene sob na povpra\u0161evanje!<\/strong><\/em><\/p>\n<ul class=\"icon-list-1\">\n<li>preproste sobe<\/li>\n<li>Izba vr\u00e1tane ra\u0148ajok so sprchou a verandou<\/li>\n<li>Cis\u00e1rsky apartm\u00e1n vr\u00e1tane ra\u0148ajok<\/li>\n<\/ul>\n<p>[\/vc_column_text][stm_spacer height_tablet=&#8220;50&#8243;][stm_spacer height_tablet=&#8220;50&#8243;][stm_cta button_icon_pos=&#8220;&#8220; link=&#8220;url:https%3A%2F%2Fsk.berghaushochschneeberg.at%2Fzimmer%2F|title:Zistite%20viac||&#8220;][\/stm_cta][\/vc_column][\/vc_row][\/vc_section][vc_row][vc_column][stm_spacer height=&#8220;50&#8243; height_tablet=&#8220;100&#8243; height_mobile=&#8220;70&#8243;][\/vc_column][\/vc_row][vc_section][vc_row][vc_column][vc_custom_heading text=&#8220;Turistick\u00e9 trasy&#8220; font_container=&#8220;tag:h2|font_size:38px|text_align:center&#8220; use_theme_fonts=&#8220;yes&#8220;][vc_column_text]<\/p>\n<p id=\"tw-target-text\" class=\"tw-data-text tw-text-large tw-ta\" dir=\"ltr\" data-placeholder=\"Translation\"><span lang=\"sk\">Berghaus Hochschneeberg sa d\u00e1 pou\u017ei\u0165 ako v\u00fdchodiskov\u00fd bod pre okru\u017en\u00fa prech\u00e1dzku \u201eRajom poh\u013eadom\u201c (1:30 hod., Vhodn\u00fd aj pre deti).<br \/>\n<\/span><span lang=\"sk\">\u010eal\u0161ie z\u00e1jazdy:<\/span><\/p>\n<ul class=\"icon-list-1\">\n<li style=\"font-size: 15px; text-align: left;\">Waxriegel (1.888 m, 45 min),<\/li>\n<li style=\"font-size: 15px; text-align: left;\">Klosterwappen (2.076 m, 1 h),<\/li>\n<li style=\"font-size: 15px; text-align: left;\">Kaiserstein (2.061 m, 1 h),<\/li>\n<li style=\"font-size: 15px; text-align: left;\">Zahnradbahnwanderweg nach Puchberg am Schneeberg (2 h)<\/li>\n<\/ul>\n<p>[\/vc_column_text][\/vc_column][\/vc_row][\/vc_section][vc_row][vc_column][stm_spacer height=&#8220;50&#8243; height_tablet=&#8220;100&#8243; height_mobile=&#8220;70&#8243;][\/vc_column][\/vc_row][vc_section][vc_row full_width=&#8220;stretch_row&#8220; shadow_x_offset=&#8220;0&#8243; shadow_y_offset=&#8220;0&#8243; shadow_blur=&#8220;0&#8243; shadow_spread=&#8220;0&#8243; shadow_color=&#8220;&#8220; css=&#8220;.vc_custom_1539759345328{background-color: #212a42 !important;}&#8220;][vc_column shadow_x_offset=&#8220;0&#8243; shadow_y_offset=&#8220;0&#8243; shadow_blur=&#8220;0&#8243; shadow_spread=&#8220;0&#8243; shadow_color=&#8220;&#8220; offset=&#8220;vc_col-lg-offset-0 vc_col-lg-5 vc_col-md-offset-0 vc_col-md-5&#8243;][stm_spacer height=&#8220;100&#8243; height_tablet=&#8220;100&#8243; height_mobile=&#8220;70&#8243;][vc_custom_heading text=&#8220;Inform\u00e1cie&#8220; font_container=&#8220;tag:h4|font_size:38|text_align:left|color:%23ffffff|line_height:40px&#8220; use_theme_fonts=&#8220;yes&#8220; css=&#8220;.vc_custom_1584976493802{margin-bottom: 35px !important;}&#8220;][vc_custom_heading text=&#8220;Priestory&#8220; font_container=&#8220;tag:h5|font_size:24|text_align:left|color:%23ffffff|line_height:40px&#8220; use_theme_fonts=&#8220;yes&#8220;][vc_column_text]<\/p>\n<ul class=\"icon-list-1\" style=\"color: white;\">\n<li>Tepl\u00e1 voda v izb\u00e1ch, pr\u00edjem mobiln\u00fdch telef\u00f3nov, WiFi, psom vstup povolen\u00fd<\/li>\n<\/ul>\n<p>[\/vc_column_text][vc_custom_heading text=&#8220;Otv\u00e1racie hodiny&#8220; font_container=&#8220;tag:h5|font_size:24|text_align:left|color:%23ffffff|line_height:40px&#8220; use_theme_fonts=&#8220;yes&#8220;][vc_column_text]<\/p>\n<ul class=\"icon-list-1\" style=\"color: white;\">\n<li>Otvoren\u00e9 od konca apr\u00edla do konca okt\u00f3bra<\/li>\n<\/ul>\n<p>[\/vc_column_text][vc_custom_heading text=&#8220;Parkovisko&#8220; font_container=&#8220;tag:h5|font_size:24|text_align:left|color:%23ffffff|line_height:40px&#8220; use_theme_fonts=&#8220;yes&#8220;][vc_column_text]<\/p>\n<ul class=\"icon-list-1\" style=\"color: white;\">\n<li>Parkovanie pri \u00fadolnej stanici (Losenheimer Stra\u00dfe)<\/li>\n<\/ul>\n<p>[\/vc_column_text][\/vc_column][vc_column width=&#8220;1\/12&#8243; shadow_x_offset=&#8220;0&#8243; shadow_y_offset=&#8220;0&#8243; shadow_blur=&#8220;0&#8243; shadow_spread=&#8220;0&#8243; offset=&#8220;vc_hidden-sm vc_hidden-xs&#8220;][\/vc_column][vc_column stretch=&#8220;right&#8220; width=&#8220;1\/2&#8243; shadow_x_offset=&#8220;0&#8243; shadow_y_offset=&#8220;0&#8243; shadow_blur=&#8220;0&#8243; shadow_spread=&#8220;0&#8243; shadow_color=&#8220;&#8220; css=&#8220;.vc_custom_1584798055402{background-image: url(https:\/\/berghaushochschneeberg.at\/wp-content\/uploads\/2020\/03\/holly-mandarich-UVyOfX3v0Ls-unsplash-scaled.jpg?id=1740) !important;}&#8220;][stm_spacer height=&#8220;637&#8243; height_tablet=&#8220;637&#8243; height_mobile=&#8220;500&#8243;][\/vc_column][\/vc_row][\/vc_section][vc_row][vc_column][vc_column_text]<\/p>\n<p>[\/vc_column_text][\/vc_column][\/vc_row]<\/p>","protected":false},"excerpt":{"rendered":"<p>[vc_row][vc_column][vc_column_text][\/vc_column_text][\/vc_column][\/vc_row][vc_row full_width=&#8220;stretch_row_content_no_spaces&#8220; shadow_x_offset=&#8220;0&#8243; shadow_y_offset=&#8220;0&#8243; shadow_blur=&#8220;0&#8243; shadow_spread=&#8220;0&#8243; shadow_color=&#8220;&#8220; el_class=&#8220;overlap&#8220;][vc_column shadow_x_offset=&#8220;0&#8243; shadow_y_offset=&#8220;0&#8243; shadow_blur=&#8220;0&#8243; shadow_spread=&#8220;0&#8243; offset=&#8220;vc_col-xs-12&#8243;][rev_slider_vc alias=&#8220;home-czech-1-1&#8243;][\/vc_column][\/vc_row][vc_section css=&#8220;.vc_custom_1539758021945{background-position: 0 0 !important;background-repeat: repeat !important;}&#8220;][vc_row][vc_column][stm_spacer height=&#8220;60&#8243; height_tablet=&#8220;70&#8243; height_mobile=&#8220;50&#8243;][vc_custom_heading text=&#8220;O n\u00e1s&#8220; font_container=&#8220;tag:h2|text_align:center&#8220; use_theme_fonts=&#8220;yes&#8220; heading_icon_color=&#8220;ttc&#8220;][stm_spacer height=&#8220;87&#8243; height_tablet=&#8220;60&#8243; height_mobile=&#8220;40&#8243;][\/vc_column][\/vc_row][vc_row shadow_x_offset=&#8220;0&#8243; shadow_y_offset=&#8220;0&#8243; shadow_blur=&#8220;0&#8243; shadow_spread=&#8220;0&#8243;][vc_column shadow_x_offset=&#8220;0&#8243; shadow_y_offset=&#8220;0&#8243; shadow_blur=&#8220;0&#8243; shadow_spread=&#8220;0&#8243; offset=&#8220;vc_col-lg-6 vc_col-md-6&#8243;][stm_spacer height=&#8220;15&#8243; height_tablet=&#8220;15&#8243; height_mobile=&#8220;15&#8243;][vc_row_inner][vc_column_inner width=&#8220;1\/2&#8243;][stm_icon_box icon_size=&#8220;32&#8243; icon_height=&#8220;39&#8243; icon_width=&#8220;47&#8243; title=&#8220;Panor\u00e1ma&#8220; iconbox_css=&#8220;.vc_custom_1584975707172{margin-top: -5px !important;}&#8220; css=&#8220;.vc_custom_1584975707173{margin-bottom: 6px !important;}&#8220;][\/stm_icon_box][vc_column_text [&hellip;]<\/p>\n","protected":false},"author":1,"featured_media":0,"parent":0,"menu_order":0,"comment_status":"closed","ping_status":"closed","template":"","meta":[],"_links":{"self":[{"href":"https:\/\/berghaushochschneeberg.at\/sk\/wp-json\/wp\/v2\/pages\/11"}],"collection":[{"href":"https:\/\/berghaushochschneeberg.at\/sk\/wp-json\/wp\/v2\/pages"}],"about":[{"href":"https:\/\/berghaushochschneeberg.at\/sk\/wp-json\/wp\/v2\/types\/page"}],"author":[{"embeddable":true,"href":"https:\/\/berghaushochschneeberg.at\/sk\/wp-json\/wp\/v2\/users\/1"}],"replies":[{"embeddable":true,"href":"https:\/\/berghaushochschneeberg.at\/sk\/wp-json\/wp\/v2\/comments?post=11"}],"version-history":[{"count":218,"href":"https:\/\/berghaushochschneeberg.at\/sk\/wp-json\/wp\/v2\/pages\/11\/revisions"}],"predecessor-version":[{"id":2141,"href":"https:\/\/berghaushochschneeberg.at\/sk\/wp-json\/wp\/v2\/pages\/11\/revisions\/2141"}],"wp:attachment":[{"href":"https:\/\/berghaushochschneeberg.at\/sk\/wp-json\/wp\/v2\/media?parent=11"}],"curies":[{"name":"wp","href":"https:\/\/api.w.org\/{rel}","templated":true}]}}