{"id":41,"date":"2018-05-28T10:23:11","date_gmt":"2018-05-28T10:23:11","guid":{"rendered":"http:\/\/multipurpose.loc\/hotel\/?page_id=41"},"modified":"2025-03-20T16:09:46","modified_gmt":"2025-03-20T16:09:46","slug":"zimmer","status":"publish","type":"page","link":"https:\/\/berghaushochschneeberg.at\/hu\/zimmer\/","title":{"rendered":"Szoba"},"content":{"rendered":"<p>[vc_row][vc_column][vc_custom_heading text=&#8221;Szoba&#8221; font_container=&#8221;tag:h2|text_align:center&#8221; use_theme_fonts=&#8221;yes&#8221; css=&#8221;.vc_custom_1590329522541{margin-bottom: 60px !important;}&#8221;][\/vc_column][\/vc_row][vc_row][vc_column width=&#8221;1\/3&#8243;][vc_single_image image=&#8221;1895&#8243; img_size=&#8221;large&#8221;][vc_column_text]<\/p>\n<h4 id=\"tw-target-text\" class=\"tw-data-text tw-text-large XcVN5d tw-ta\" dir=\"ltr\" data-placeholder=\"\u00dcbersetzung\"><span lang=\"hu\">Erk\u00e9lyes szoba<\/span><\/h4>\n<p class=\"tw-data-text tw-text-large XcVN5d tw-ta\" dir=\"ltr\" data-placeholder=\"\u00dcbersetzung\"><span lang=\"hu\">A k\u00e9nyelmes szoba 2 \u00e1ggyal<br \/>\nrendelkezik.<\/span><\/p>\n<p>[\/vc_column_text][vc_btn title=&#8221;vizsg\u00e1lat&#8221; color=&#8221;primary&#8221; align=&#8221;center&#8221; button_block=&#8221;true&#8221; link=&#8221;url:mailto%3Aberghaus.hochschneeberg%40aon.at|||&#8221;][\/vc_column][vc_column width=&#8221;1\/3&#8243;][vc_single_image image=&#8221;1884&#8243; img_size=&#8221;large&#8221;][vc_column_text]<\/p>\n<h4 id=\"tw-target-text\" class=\"tw-data-text tw-text-large XcVN5d tw-ta\" dir=\"ltr\" data-placeholder=\"\u00dcbersetzung\"><span lang=\"hu\">Ikerszoba<\/span><\/h4>\n<p class=\"tw-data-text tw-text-large XcVN5d tw-ta\" dir=\"ltr\" data-placeholder=\"\u00dcbersetzung\"><span lang=\"hu\">K\u00e9t\u00e1gyas szoba k\u00e9t k\u00fcl\u00f6n \u00e1ggyal<br \/>\n\u00e9s zuhannyal.<\/span><\/p>\n<p>[\/vc_column_text][vc_btn title=&#8221;vizsg\u00e1lat&#8221; color=&#8221;primary&#8221; align=&#8221;center&#8221; button_block=&#8221;true&#8221; link=&#8221;url:mailto%3Aberghaus.hochschneeberg%40aon.at|||&#8221;][\/vc_column][vc_column width=&#8221;1\/3&#8243;][vc_single_image image=&#8221;1871&#8243; img_size=&#8221;large&#8221;][vc_column_text]<\/p>\n<h4 id=\"tw-target-text\" class=\"tw-data-text tw-text-large XcVN5d tw-ta\" dir=\"ltr\" data-placeholder=\"\u00dcbersetzung\"><span lang=\"hu\">T\u00f6bb h\u00e1l\u00f3szob\u00e1s<\/span><\/h4>\n<p class=\"tw-data-text tw-text-large XcVN5d tw-ta\" dir=\"ltr\" data-placeholder=\"\u00dcbersetzung\">Ez a h\u00e1l\u00f3szoba 4-12 f\u0151 elsz\u00e1ll\u00e1sol\u00e1s\u00e1ra alkalmas, ide\u00e1lis nagy csoportok sz\u00e1m\u00e1ra.<\/p>\n<p>[\/vc_column_text][vc_btn title=&#8221;vizsg\u00e1lat&#8221; color=&#8221;primary&#8221; align=&#8221;center&#8221; button_block=&#8221;true&#8221; link=&#8221;url:mailto%3Aberghaus.hochschneeberg%40aon.at|||&#8221;][\/vc_column][\/vc_row][vc_row][vc_column width=&#8221;1\/3&#8243;][vc_single_image image=&#8221;1864&#8243; img_size=&#8221;large&#8221;][vc_column_text]<\/p>\n<h4 id=\"tw-target-text\" class=\"tw-data-text tw-text-large XcVN5d tw-ta\" dir=\"ltr\" data-placeholder=\"\u00dcbersetzung\"><span lang=\"hu\">Deluxe king szoba<\/span><\/h4>\n<p class=\"tw-data-text tw-text-large XcVN5d tw-ta\" dir=\"ltr\" data-placeholder=\"\u00dcbersetzung\"><span lang=\"hu\">Ez a t\u00f6rt\u00e9nelmi szoba kir\u00e1lyi \u00e1gyat, valamint<br \/>\n<\/span><span lang=\"hu\">h\u00e1rom egyszem\u00e9lyes \u00e1gyat k\u00edn\u00e1l.<\/span><\/p>\n<p>[\/vc_column_text][vc_btn title=&#8221;vizsg\u00e1lat&#8221; color=&#8221;primary&#8221; align=&#8221;center&#8221; button_block=&#8221;true&#8221; link=&#8221;url:mailto%3Aberghaus.hochschneeberg%40aon.at|||&#8221;][\/vc_column][vc_column width=&#8221;1\/3&#8243;][vc_single_image image=&#8221;1843&#8243; img_size=&#8221;large&#8221;][vc_column_text]<\/p>\n<h4 id=\"tw-target-text\" class=\"tw-data-text tw-text-large XcVN5d tw-ta\" dir=\"ltr\" data-placeholder=\"\u00dcbersetzung\"><span lang=\"hu\">Csal\u00e1di szoba<\/span><\/h4>\n<p class=\"tw-data-text tw-text-large XcVN5d tw-ta\" dir=\"ltr\" data-placeholder=\"\u00dcbersetzung\">A k\u00e9nyelmes csal\u00e1di szoba 5 \u00e1gyat k\u00edn\u00e1l. Zuhanyz\u00f3val \u00e9s reggelivel.<\/p>\n<p>[\/vc_column_text][vc_btn title=&#8221;vizsg\u00e1lat&#8221; color=&#8221;primary&#8221; align=&#8221;center&#8221; button_block=&#8221;true&#8221; link=&#8221;url:mailto%3Aberghaus.hochschneeberg%40aon.at|||&#8221;][\/vc_column][vc_column width=&#8221;1\/3&#8243;][vc_single_image image=&#8221;1890&#8243; img_size=&#8221;large&#8221;][vc_column_text]<\/p>\n<h4 id=\"tw-target-text\" class=\"tw-data-text tw-text-large XcVN5d tw-ta\" dir=\"ltr\" data-placeholder=\"\u00dcbersetzung\"><span lang=\"hu\">Adjut\u00e1ns szoba<\/span><\/h4>\n<p class=\"tw-data-text tw-text-large XcVN5d tw-ta\" dir=\"ltr\" data-placeholder=\"\u00dcbersetzung\">Az adjut\u00e1ns szob\u00e1j\u00e1ban francia\u00e1gy tal\u00e1lhat\u00f3, bels\u0151 bej\u00e1rat a cs\u00e1sz\u00e1ri lakoszt\u00e1lyba.<\/p>\n<p>[\/vc_column_text][vc_btn title=&#8221;vizsg\u00e1lat&#8221; color=&#8221;primary&#8221; align=&#8221;center&#8221; button_block=&#8221;true&#8221; link=&#8221;url:mailto%3Aberghaus.hochschneeberg%40aon.at|||&#8221;][\/vc_column][\/vc_row][vc_row][vc_column width=&#8221;1\/3&#8243;][vc_single_image image=&#8221;1873&#8243; img_size=&#8221;large&#8221;][vc_column_text]<\/p>\n<h4>Egzotikus szoba<\/h4>\n<p>A k\u00e9nyelmes szoba 6 \u00e1gyat k\u00edn\u00e1l. Zuhanyz\u00f3val \u00e9s reggelivel.[\/vc_column_text][vc_btn title=&#8221;vizsg\u00e1lat&#8221; color=&#8221;primary&#8221; align=&#8221;center&#8221; button_block=&#8221;true&#8221; link=&#8221;url:mailto%3Aberghaus.hochschneeberg%40aon.at|||&#8221;][\/vc_column][vc_column width=&#8221;1\/3&#8243;][vc_single_image image=&#8221;1884&#8243; img_size=&#8221;large&#8221;][vc_column_text]<\/p>\n<h4>Kisszoba<\/h4>\n<p>A k\u00e9nyelmes szoba 6 \u00e1gyat k\u00edn\u00e1l. Zuhanyz\u00f3val \u00e9s reggelivel.[\/vc_column_text][vc_btn title=&#8221;vizsg\u00e1lat&#8221; color=&#8221;primary&#8221; align=&#8221;center&#8221; button_block=&#8221;true&#8221; link=&#8221;url:mailto%3Aberghaus.hochschneeberg%40aon.at|||&#8221;][\/vc_column][\/vc_row]<\/p>","protected":false},"excerpt":{"rendered":"<p>[vc_row][vc_column][vc_custom_heading text=&#8221;Szoba&#8221; font_container=&#8221;tag:h2|text_align:center&#8221; use_theme_fonts=&#8221;yes&#8221; css=&#8221;.vc_custom_1590329522541{margin-bottom: 60px !important;}&#8221;][\/vc_column][\/vc_row][vc_row][vc_column width=&#8221;1\/3&#8243;][vc_single_image image=&#8221;1895&#8243; img_size=&#8221;large&#8221;][vc_column_text] Erk\u00e9lyes szoba A k\u00e9nyelmes szoba 2 \u00e1ggyal rendelkezik. [\/vc_column_text][vc_btn title=&#8221;vizsg\u00e1lat&#8221; color=&#8221;primary&#8221; align=&#8221;center&#8221; button_block=&#8221;true&#8221; link=&#8221;url:mailto%3Aberghaus.hochschneeberg%40aon.at|||&#8221;][\/vc_column][vc_column width=&#8221;1\/3&#8243;][vc_single_image image=&#8221;1884&#8243; img_size=&#8221;large&#8221;][vc_column_text] Ikerszoba K\u00e9t\u00e1gyas szoba k\u00e9t k\u00fcl\u00f6n \u00e1ggyal \u00e9s zuhannyal. [\/vc_column_text][vc_btn title=&#8221;vizsg\u00e1lat&#8221; color=&#8221;primary&#8221; align=&#8221;center&#8221; button_block=&#8221;true&#8221; link=&#8221;url:mailto%3Aberghaus.hochschneeberg%40aon.at|||&#8221;][\/vc_column][vc_column width=&#8221;1\/3&#8243;][vc_single_image image=&#8221;1871&#8243; img_size=&#8221;large&#8221;][vc_column_text] T\u00f6bb h\u00e1l\u00f3szob\u00e1s Ez a h\u00e1l\u00f3szoba 4-12 f\u0151 elsz\u00e1ll\u00e1sol\u00e1s\u00e1ra alkalmas, ide\u00e1lis nagy [&hellip;]<\/p>\n","protected":false},"author":1,"featured_media":0,"parent":0,"menu_order":0,"comment_status":"closed","ping_status":"closed","template":"","meta":[],"_links":{"self":[{"href":"https:\/\/berghaushochschneeberg.at\/hu\/wp-json\/wp\/v2\/pages\/41"}],"collection":[{"href":"https:\/\/berghaushochschneeberg.at\/hu\/wp-json\/wp\/v2\/pages"}],"about":[{"href":"https:\/\/berghaushochschneeberg.at\/hu\/wp-json\/wp\/v2\/types\/page"}],"author":[{"embeddable":true,"href":"https:\/\/berghaushochschneeberg.at\/hu\/wp-json\/wp\/v2\/users\/1"}],"replies":[{"embeddable":true,"href":"https:\/\/berghaushochschneeberg.at\/hu\/wp-json\/wp\/v2\/comments?post=41"}],"version-history":[{"count":128,"href":"https:\/\/berghaushochschneeberg.at\/hu\/wp-json\/wp\/v2\/pages\/41\/revisions"}],"predecessor-version":[{"id":2130,"href":"https:\/\/berghaushochschneeberg.at\/hu\/wp-json\/wp\/v2\/pages\/41\/revisions\/2130"}],"wp:attachment":[{"href":"https:\/\/berghaushochschneeberg.at\/hu\/wp-json\/wp\/v2\/media?parent=41"}],"curies":[{"name":"wp","href":"https:\/\/api.w.org\/{rel}","templated":true}]}}