{"id":11,"date":"2020-03-21T04:39:02","date_gmt":"2020-03-21T04:39:02","guid":{"rendered":"http:\/\/multipurpose.loc\/hotel\/?page_id=7"},"modified":"2025-04-04T10:01:27","modified_gmt":"2025-04-04T10:01:27","slug":"front-page","status":"publish","type":"page","link":"https:\/\/berghaushochschneeberg.at\/hu\/","title":{"rendered":"Kezd\u00f6lap"},"content":{"rendered":"<p>[vc_row][vc_column][vc_column_text][\/vc_column_text][\/vc_column][\/vc_row][vc_row full_width=&#8221;stretch_row_content_no_spaces&#8221; shadow_x_offset=&#8221;0&#8243; shadow_y_offset=&#8221;0&#8243; shadow_blur=&#8221;0&#8243; shadow_spread=&#8221;0&#8243; shadow_color=&#8221;&#8221; el_class=&#8221;overlap&#8221;][vc_column shadow_x_offset=&#8221;0&#8243; shadow_y_offset=&#8221;0&#8243; shadow_blur=&#8221;0&#8243; shadow_spread=&#8221;0&#8243; offset=&#8221;vc_col-xs-12&#8243;][rev_slider_vc alias=&#8221;home-czech-1&#8243;][\/vc_column][\/vc_row][vc_section css=&#8221;.vc_custom_1539758021945{background-position: 0 0 !important;background-repeat: repeat !important;}&#8221;][vc_row][vc_column][stm_spacer height=&#8221;60&#8243; height_tablet=&#8221;70&#8243; height_mobile=&#8221;50&#8243;][vc_custom_heading text=&#8221;R\u00f3lunk&#8221; font_container=&#8221;tag:h2|text_align:center&#8221; use_theme_fonts=&#8221;yes&#8221; heading_icon_color=&#8221;ttc&#8221;][stm_spacer height=&#8221;87&#8243; height_tablet=&#8221;60&#8243; height_mobile=&#8221;40&#8243;][\/vc_column][\/vc_row][vc_row shadow_x_offset=&#8221;0&#8243; shadow_y_offset=&#8221;0&#8243; shadow_blur=&#8221;0&#8243; shadow_spread=&#8221;0&#8243;][vc_column shadow_x_offset=&#8221;0&#8243; shadow_y_offset=&#8221;0&#8243; shadow_blur=&#8221;0&#8243; shadow_spread=&#8221;0&#8243; offset=&#8221;vc_col-lg-6 vc_col-md-6&#8243;][stm_spacer height=&#8221;15&#8243; height_tablet=&#8221;15&#8243; height_mobile=&#8221;15&#8243;][vc_row_inner][vc_column_inner width=&#8221;1\/2&#8243;][stm_icon_box icon_size=&#8221;32&#8243; icon_height=&#8221;39&#8243; icon_width=&#8221;47&#8243; title=&#8221;Panor\u00e1ma&#8221; iconbox_css=&#8221;.vc_custom_1584974536904{margin-top: -5px !important;}&#8221; css=&#8221;.vc_custom_1584974536906{margin-bottom: 6px !important;}&#8221;][\/stm_icon_box][vc_column_text css=&#8221;.vc_custom_1588578136791{margin-bottom: 0px !important;}&#8221;]<\/p>\n<div class=\"jhH5U\">\n<div id=\"tw-ob\" class=\"tw-src-ltr\">\n<div class=\"oSioSc\">\n<div id=\"tw-target\">\n<div id=\"kAz1tf\" class=\"g9WsWb\">\n<div id=\"tw-target-text-container\" class=\"tw-ta-container hide-focus-ring tw-nfl\" tabindex=\"0\">\n<p id=\"tw-target-text\" class=\"tw-data-text tw-text-large tw-ta\" dir=\"ltr\" data-placeholder=\"Translation\"><span lang=\"hu\">Gy\u00f6ny\u00f6r\u0171 elhelyezked\u00e9s csod\u00e1latos panor\u00e1m\u00e1val a kisalf\u00f6ldre<\/span><\/p>\n<\/div>\n<\/div>\n<\/div>\n<\/div>\n<\/div>\n<\/div>\n<p>[\/vc_column_text][stm_spacer height=&#8221;13&#8243; height_tablet=&#8221;10&#8243; height_mobile=&#8221;10&#8243;][\/vc_column_inner][vc_column_inner width=&#8221;1\/2&#8243;][stm_icon_box icon_size=&#8221;31&#8243; icon_height=&#8221;39&#8243; icon_width=&#8221;47&#8243; title=&#8221;T\u00fara\u00fatvonalak&#8221; iconbox_css=&#8221;.vc_custom_1584974556841{margin-top: -5px !important;}&#8221; css=&#8221;.vc_custom_1584974556842{margin-bottom: 6px !important;}&#8221;][\/stm_icon_box][vc_column_text]<\/p>\n<div class=\"jhH5U\">\n<div id=\"tw-ob\" class=\"tw-src-ltr\">\n<div class=\"oSioSc\">\n<div id=\"tw-target\">\n<div id=\"kAz1tf\" class=\"g9WsWb\">\n<div id=\"tw-target-text-container\" class=\"tw-ta-container hide-focus-ring tw-nfl\" tabindex=\"0\">\n<p id=\"tw-target-text\" class=\"tw-data-text tw-text-large tw-ta\" dir=\"ltr\" data-placeholder=\"Translation\"><span lang=\"hu\">A t\u00far\u00e1z\u00f3k sz\u00e1m\u00e1ra a Berghaus a &#8220;Paradies der Blick&#8221; egy \u00f3r\u00e1s k\u00f6rk\u00f6r\u00f6s t\u00fara kiindul\u00f3pontja.<\/span><\/p>\n<\/div>\n<\/div>\n<\/div>\n<\/div>\n<\/div>\n<\/div>\n<p>[\/vc_column_text][stm_spacer height=&#8221;13&#8243; height_tablet=&#8221;10&#8243; height_mobile=&#8221;10&#8243;][\/vc_column_inner][\/vc_row_inner][vc_row_inner][vc_column_inner width=&#8221;1\/2&#8243;][stm_icon_box icon_size=&#8221;33&#8243; icon_height=&#8221;39&#8243; icon_width=&#8221;47&#8243; title=&#8221;\u00cdnyencs\u00e9gek&#8221; iconbox_css=&#8221;.vc_custom_1588578218510{margin-top: -5px !important;}&#8221; css=&#8221;.vc_custom_1588578218512{margin-bottom: 12px !important;}&#8221;]<\/p>\n<div dir=\"ltr\">\n<p>\u00a0Helyi specialit\u00e1sokkal v\u00e1rjuk kedves vendegeinket. Tobbek k\u00f6z\u00f6tt szerepel a k\u00edn\u00e1latban &#8220;Alpensauerampfer&#8221; illetve &#8220;Schneebergkrapfen&#8221;<\/p>\n<\/div>\n<p>[\/stm_icon_box][vc_column_text]<\/p>\n<div class=\"jhH5U\">\n<div id=\"tw-ob\" class=\"tw-src-ltr\">\n<div class=\"oSioSc\">\n<div id=\"tw-target\">\n<div id=\"kAz1tf\" class=\"g9WsWb\">\n<div id=\"tw-target-text-container\" class=\"tw-ta-container hide-focus-ring tw-nfl\" tabindex=\"0\">\n<p id=\"tw-target-text\" class=\"tw-data-text tw-text-large tw-ta\" dir=\"ltr\" data-placeholder=\"Translation\"><span lang=\"hu\">\u00cdnyencek sz\u00e1m\u00e1ra t\u00f6bbek k\u00f6z\u00f6tt f\u0151tt marhah\u00fas is rendelkez\u00e9sre \u00e1ll &#8220;Alpensauerampfer&#8221; ezt k\u00f6veti &#8220;Schneebergkrapfen&#8221;<\/span><\/p>\n<\/div>\n<\/div>\n<\/div>\n<\/div>\n<\/div>\n<\/div>\n<p>[\/vc_column_text][\/vc_column_inner][vc_column_inner width=&#8221;1\/2&#8243;][stm_icon_box icon_size=&#8221;30&#8243; icon_height=&#8221;39&#8243; icon_width=&#8221;47&#8243; title=&#8221;Schneebergbahn&#8221; iconbox_css=&#8221;.vc_custom_1584705073930{margin-top: -5px !important;}&#8221; css=&#8221;.vc_custom_1584705073931{margin-bottom: 12px !important;}&#8221;][\/stm_icon_box][vc_column_text]<\/p>\n<div class=\"jhH5U\">\n<div id=\"tw-ob\" class=\"tw-src-ltr\">\n<div class=\"oSioSc\">\n<div id=\"tw-target\">\n<div id=\"kAz1tf\" class=\"g9WsWb\">\n<div id=\"tw-target-text-container\" class=\"tw-ta-container hide-focus-ring tw-nfl\" tabindex=\"0\">\n<p id=\"tw-target-text\" class=\"tw-data-text tw-text-large tw-ta\" dir=\"ltr\" data-placeholder=\"Translation\"><span lang=\"hu\">A Schneebergbahn az als\u00f3-osztr\u00e1k Puchberg am Schneeberg v\u00e1ros\u00e1t\u00f3l a Schneeberg-cs\u00facstal\u00e1lkoz\u00f3 alatti fenns\u00edkra halad<\/span><\/p>\n<\/div>\n<\/div>\n<\/div>\n<\/div>\n<\/div>\n<\/div>\n<p>[\/vc_column_text][\/vc_column_inner][\/vc_row_inner][\/vc_column][vc_column shadow_x_offset=&#8221;0&#8243; shadow_y_offset=&#8221;0&#8243; shadow_blur=&#8221;0&#8243; shadow_spread=&#8221;0&#8243; offset=&#8221;vc_col-lg-offset-1 vc_col-lg-5 vc_col-md-offset-1 vc_col-md-5 vc_hidden-sm vc_hidden-xs&#8221;][vc_single_image image=&#8221;1431&#8243; img_size=&#8221;large&#8221; alignment=&#8221;center&#8221;][\/vc_column][\/vc_row][vc_row][vc_column][stm_spacer height=&#8221;50&#8243; height_tablet=&#8221;100&#8243; height_mobile=&#8221;70&#8243;][\/vc_column][\/vc_row][\/vc_section][vc_section][vc_row full_width=&#8221;stretch_row&#8221; shadow_x_offset=&#8221;0&#8243; shadow_y_offset=&#8221;0&#8243; shadow_blur=&#8221;0&#8243; shadow_spread=&#8221;0&#8243; shadow_color=&#8221;&#8221; css=&#8221;.vc_custom_1539777121042{margin-bottom: 1px !important;background-color: #f8f8f8 !important;background-position: 0 0 !important;background-repeat: repeat !important;}&#8221;][vc_column stretch=&#8221;left&#8221; shadow_x_offset=&#8221;0&#8243; shadow_y_offset=&#8221;0&#8243; shadow_blur=&#8221;0&#8243; shadow_spread=&#8221;0&#8243; shadow_color=&#8221;&#8221; offset=&#8221;vc_col-lg-6 vc_col-md-7&#8243;][vc_single_image image=&#8221;1413&#8243; img_size=&#8221;full&#8221;][\/vc_column][vc_column shadow_x_offset=&#8221;0&#8243; shadow_y_offset=&#8221;0&#8243; shadow_blur=&#8221;0&#8243; shadow_spread=&#8221;0&#8243; offset=&#8221;vc_col-lg-offset-1 vc_col-lg-5 vc_col-md-offset-1 vc_col-md-4 vc_col-sm-offset-0&#8243;][vc_empty_space][vc_custom_heading text=&#8221;Szoba&#8221; font_container=&#8221;tag:h2|font_size:38|text_align:left|line_height:40px&#8221; use_theme_fonts=&#8221;yes&#8221;][vc_column_text]<em><strong>Minden szoba\u00e1r k\u00e9r\u00e9sre<\/strong><\/em><\/p>\n<ul class=\"icon-list-1\">\n<li>egyszer\u0171 szob\u00e1k<\/li>\n<li>Szoba reggelivel zuhanyz\u00f3val \u00e9s verand\u00e1val<\/li>\n<li>Imperial apartman reggelivel<\/li>\n<\/ul>\n<p>[\/vc_column_text][stm_spacer height_tablet=&#8221;50&#8243;][stm_spacer height_tablet=&#8221;50&#8243;][stm_cta button_icon_pos=&#8221;&#8221; link=&#8221;url:https%3A%2F%2Fhu.berghaushochschneeberg.at%2Fzimmer%2F|title:Tudjon%20meg%20t%C3%B6bbet||&#8221;][\/stm_cta][\/vc_column][\/vc_row][\/vc_section][vc_row][vc_column][stm_spacer height=&#8221;50&#8243; height_tablet=&#8221;100&#8243; height_mobile=&#8221;70&#8243;][\/vc_column][\/vc_row][vc_section][vc_row][vc_column][vc_custom_heading text=&#8221;T\u00fara\u00fatvonalak&#8221; font_container=&#8221;tag:h2|font_size:38px|text_align:center&#8221; use_theme_fonts=&#8221;yes&#8221;][vc_column_text]<\/p>\n<p style=\"text-align: left;\">A Berghaus Hochschneeberg kiindul\u00f3pontja lehet a \u201eParadies der Blick\u201d k\u00f6rk\u00f6r\u00f6s s\u00e9t\u00e1nak (1:30 \u00f3r\u00e1s gyalogol\u00e1si id\u0151, gyermekek sz\u00e1m\u00e1ra is).<br \/>\nEgy\u00e9b t\u00far\u00e1k:<\/p>\n<ul class=\"icon-list-1\">\n<li style=\"font-size: 15px; text-align: left;\">Waxriegel (1.888 m, 45 min),<\/li>\n<li style=\"font-size: 15px; text-align: left;\">Klosterwappen (2.076 m, 1 h),<\/li>\n<li style=\"font-size: 15px; text-align: left;\">Kaiserstein (2.061 m, 1 h),<\/li>\n<li style=\"font-size: 15px; text-align: left;\">Zahnradbahnwanderweg nach Puchberg am Schneeberg (2 h)<\/li>\n<\/ul>\n<p>[\/vc_column_text][\/vc_column][\/vc_row][\/vc_section][vc_row][vc_column][stm_spacer height=&#8221;50&#8243; height_tablet=&#8221;100&#8243; height_mobile=&#8221;70&#8243;][\/vc_column][\/vc_row][vc_section][vc_row full_width=&#8221;stretch_row&#8221; shadow_x_offset=&#8221;0&#8243; shadow_y_offset=&#8221;0&#8243; shadow_blur=&#8221;0&#8243; shadow_spread=&#8221;0&#8243; shadow_color=&#8221;&#8221; css=&#8221;.vc_custom_1539759345328{background-color: #212a42 !important;}&#8221;][vc_column shadow_x_offset=&#8221;0&#8243; shadow_y_offset=&#8221;0&#8243; shadow_blur=&#8221;0&#8243; shadow_spread=&#8221;0&#8243; shadow_color=&#8221;&#8221; offset=&#8221;vc_col-lg-offset-0 vc_col-lg-5 vc_col-md-offset-0 vc_col-md-5&#8243;][stm_spacer height=&#8221;100&#8243; height_tablet=&#8221;100&#8243; height_mobile=&#8221;70&#8243;][vc_custom_heading text=&#8221;Inform\u00e1ci\u00f3&#8221; font_container=&#8221;tag:h4|font_size:38|text_align:left|color:%23ffffff|line_height:40px&#8221; use_theme_fonts=&#8221;yes&#8221; css=&#8221;.vc_custom_1584975512986{margin-bottom: 35px !important;}&#8221;][vc_custom_heading text=&#8221;Helyis\u00e9g&#8221; font_container=&#8221;tag:h5|font_size:24|text_align:left|color:%23ffffff|line_height:40px&#8221; use_theme_fonts=&#8221;yes&#8221;][vc_column_text]<\/p>\n<ul class=\"icon-list-1\" style=\"color: white;\">\n<li>Forr\u00f3vizes zuhany a szob\u00e1kban, mobiltelefon-recepci\u00f3, WiFi, kuty\u00e1k bevihet\u0151k<\/li>\n<\/ul>\n<p>[\/vc_column_text][vc_custom_heading text=&#8221;Nyitvatart\u00e1si id\u0151&#8221; font_container=&#8221;tag:h5|font_size:24|text_align:left|color:%23ffffff|line_height:40px&#8221; use_theme_fonts=&#8221;yes&#8221;][vc_column_text]<\/p>\n<ul class=\"icon-list-1\" style=\"color: white;\">\n<li>\u00c1prilis v\u00e9g\u00e9t\u0151l okt\u00f3ber v\u00e9g\u00e9ig tart nyitva<\/li>\n<\/ul>\n<p>[\/vc_column_text][vc_custom_heading text=&#8221;Parkol\u00f3hely&#8221; font_container=&#8221;tag:h5|font_size:24|text_align:left|color:%23ffffff|line_height:40px&#8221; use_theme_fonts=&#8221;yes&#8221;][vc_column_text]<\/p>\n<ul class=\"icon-list-1\" style=\"color: white;\">\n<li>Parkol\u00e1s a v\u00f6lgy\u00e1llom\u00e1sn\u00e1l (Losenheimer Stra\u00dfe)<\/li>\n<\/ul>\n<p>[\/vc_column_text][\/vc_column][vc_column width=&#8221;1\/12&#8243; shadow_x_offset=&#8221;0&#8243; shadow_y_offset=&#8221;0&#8243; shadow_blur=&#8221;0&#8243; shadow_spread=&#8221;0&#8243; offset=&#8221;vc_hidden-sm vc_hidden-xs&#8221;][\/vc_column][vc_column stretch=&#8221;right&#8221; width=&#8221;1\/2&#8243; shadow_x_offset=&#8221;0&#8243; shadow_y_offset=&#8221;0&#8243; shadow_blur=&#8221;0&#8243; shadow_spread=&#8221;0&#8243; shadow_color=&#8221;&#8221; css=&#8221;.vc_custom_1584798055402{background-image: url(https:\/\/berghaushochschneeberg.at\/wp-content\/uploads\/2020\/03\/holly-mandarich-UVyOfX3v0Ls-unsplash-scaled.jpg?id=1740) !important;}&#8221;][stm_spacer height=&#8221;637&#8243; height_tablet=&#8221;637&#8243; height_mobile=&#8221;500&#8243;][\/vc_column][\/vc_row][\/vc_section][vc_row][vc_column][vc_column_text][\/vc_column_text][\/vc_column][\/vc_row]<\/p>","protected":false},"excerpt":{"rendered":"<p>[vc_row][vc_column][vc_column_text][\/vc_column_text][\/vc_column][\/vc_row][vc_row full_width=&#8221;stretch_row_content_no_spaces&#8221; shadow_x_offset=&#8221;0&#8243; shadow_y_offset=&#8221;0&#8243; shadow_blur=&#8221;0&#8243; shadow_spread=&#8221;0&#8243; shadow_color=&#8221;&#8221; el_class=&#8221;overlap&#8221;][vc_column shadow_x_offset=&#8221;0&#8243; shadow_y_offset=&#8221;0&#8243; shadow_blur=&#8221;0&#8243; shadow_spread=&#8221;0&#8243; offset=&#8221;vc_col-xs-12&#8243;][rev_slider_vc alias=&#8221;home-czech-1&#8243;][\/vc_column][\/vc_row][vc_section css=&#8221;.vc_custom_1539758021945{background-position: 0 0 !important;background-repeat: repeat !important;}&#8221;][vc_row][vc_column][stm_spacer height=&#8221;60&#8243; height_tablet=&#8221;70&#8243; height_mobile=&#8221;50&#8243;][vc_custom_heading text=&#8221;R\u00f3lunk&#8221; font_container=&#8221;tag:h2|text_align:center&#8221; use_theme_fonts=&#8221;yes&#8221; heading_icon_color=&#8221;ttc&#8221;][stm_spacer height=&#8221;87&#8243; height_tablet=&#8221;60&#8243; height_mobile=&#8221;40&#8243;][\/vc_column][\/vc_row][vc_row shadow_x_offset=&#8221;0&#8243; shadow_y_offset=&#8221;0&#8243; shadow_blur=&#8221;0&#8243; shadow_spread=&#8221;0&#8243;][vc_column shadow_x_offset=&#8221;0&#8243; shadow_y_offset=&#8221;0&#8243; shadow_blur=&#8221;0&#8243; shadow_spread=&#8221;0&#8243; offset=&#8221;vc_col-lg-6 vc_col-md-6&#8243;][stm_spacer height=&#8221;15&#8243; height_tablet=&#8221;15&#8243; height_mobile=&#8221;15&#8243;][vc_row_inner][vc_column_inner width=&#8221;1\/2&#8243;][stm_icon_box icon_size=&#8221;32&#8243; icon_height=&#8221;39&#8243; icon_width=&#8221;47&#8243; title=&#8221;Panor\u00e1ma&#8221; iconbox_css=&#8221;.vc_custom_1584974536904{margin-top: -5px !important;}&#8221; css=&#8221;.vc_custom_1584974536906{margin-bottom: 6px !important;}&#8221;][\/stm_icon_box][vc_column_text css=&#8221;.vc_custom_1588578136791{margin-bottom: [&hellip;]<\/p>\n","protected":false},"author":1,"featured_media":0,"parent":0,"menu_order":0,"comment_status":"closed","ping_status":"closed","template":"","meta":[],"_links":{"self":[{"href":"https:\/\/berghaushochschneeberg.at\/hu\/wp-json\/wp\/v2\/pages\/11"}],"collection":[{"href":"https:\/\/berghaushochschneeberg.at\/hu\/wp-json\/wp\/v2\/pages"}],"about":[{"href":"https:\/\/berghaushochschneeberg.at\/hu\/wp-json\/wp\/v2\/types\/page"}],"author":[{"embeddable":true,"href":"https:\/\/berghaushochschneeberg.at\/hu\/wp-json\/wp\/v2\/users\/1"}],"replies":[{"embeddable":true,"href":"https:\/\/berghaushochschneeberg.at\/hu\/wp-json\/wp\/v2\/comments?post=11"}],"version-history":[{"count":218,"href":"https:\/\/berghaushochschneeberg.at\/hu\/wp-json\/wp\/v2\/pages\/11\/revisions"}],"predecessor-version":[{"id":2141,"href":"https:\/\/berghaushochschneeberg.at\/hu\/wp-json\/wp\/v2\/pages\/11\/revisions\/2141"}],"wp:attachment":[{"href":"https:\/\/berghaushochschneeberg.at\/hu\/wp-json\/wp\/v2\/media?parent=11"}],"curies":[{"name":"wp","href":"https:\/\/api.w.org\/{rel}","templated":true}]}}