{"id":41,"date":"2018-05-28T10:23:11","date_gmt":"2018-05-28T10:23:11","guid":{"rendered":"http:\/\/multipurpose.loc\/hotel\/?page_id=41"},"modified":"2025-03-20T16:09:46","modified_gmt":"2025-03-20T16:09:46","slug":"zimmer","status":"publish","type":"page","link":"https:\/\/berghaushochschneeberg.at\/de\/zimmer\/","title":{"rendered":"Zimmer"},"content":{"rendered":"<p>[vc_row][vc_column][vc_custom_heading text=&#8220;Zimmer&#8220; font_container=&#8220;tag:h2|text_align:center&#8220; use_theme_fonts=&#8220;yes&#8220; css=&#8220;.vc_custom_1584978133427{margin-bottom: 60px !important;}&#8220;][\/vc_column][\/vc_row][vc_row][vc_column width=&#8220;1\/3&#8243;][vc_single_image image=&#8220;1895&#8243; img_size=&#8220;large&#8220; add_caption=&#8220;yes&#8220; alignment=&#8220;center&#8220;][vc_column_text]<\/p>\n<div class=\"vc_custom_heading vc_gitem-post-data vc_gitem-post-data-source-post_title\">\n<h4 style=\"text-align: left;\">Verandazimmer<\/h4>\n<\/div>\n<div class=\"vc_custom_heading vc_gitem-post-data vc_gitem-post-data-source-post_excerpt\">\n<p style=\"text-align: left;\">Das gem\u00fctliche Verandazimmer bietet Platz f\u00fcr 2 Personen.<\/p>\n<\/div>\n<p>[\/vc_column_text][vc_btn title=&#8220;Anfragen&#8220; color=&#8220;primary&#8220; align=&#8220;center&#8220; button_block=&#8220;true&#8220; link=&#8220;url:mailto%3Aberghaus.hochschneeberg%40aon.at|||&#8220;][\/vc_column][vc_column width=&#8220;1\/3&#8243;][vc_single_image image=&#8220;1884&#8243; img_size=&#8220;large&#8220; add_caption=&#8220;yes&#8220;][vc_column_text]<\/p>\n<div class=\"vc_custom_heading vc_gitem-post-data vc_gitem-post-data-source-post_title\">\n<h4>Zweibettzimmer<\/h4>\n<\/div>\n<div class=\"vc_custom_heading vc_gitem-post-data vc_gitem-post-data-source-post_excerpt\">\n<p>Zweibettzimmer mit zwei Einzelbetten und Dusche im Zimmer.<\/p>\n<\/div>\n<p>[\/vc_column_text][vc_btn title=&#8220;Anfragen&#8220; color=&#8220;primary&#8220; align=&#8220;center&#8220; button_block=&#8220;true&#8220; link=&#8220;url:mailto%3Aberghaus.hochschneeberg%40aon.at|||&#8220;][\/vc_column][vc_column width=&#8220;1\/3&#8243;][vc_single_image image=&#8220;1871&#8243; img_size=&#8220;large&#8220; add_caption=&#8220;yes&#8220;][vc_column_text]<\/p>\n<div class=\"vc_custom_heading vc_gitem-post-data vc_gitem-post-data-source-post_title\">\n<h4>Mehrbettzimmer<\/h4>\n<\/div>\n<div class=\"vc_custom_heading vc_gitem-post-data vc_gitem-post-data-source-post_excerpt\">\n<p>Bietet Platz f\u00fcr 4 bis 12 Personen, ideal f\u00fcr gro\u00dfe Gruppen. Dusche am Gang.<\/p>\n<\/div>\n<p>[\/vc_column_text][vc_btn title=&#8220;Anfragen&#8220; color=&#8220;primary&#8220; align=&#8220;center&#8220; button_block=&#8220;true&#8220; link=&#8220;url:mailto%3Aberghaus.hochschneeberg%40aon.at|||&#8220;][\/vc_column][\/vc_row][vc_row][vc_column width=&#8220;1\/3&#8243;][vc_single_image image=&#8220;1864&#8243; img_size=&#8220;large&#8220;][vc_column_text]<\/p>\n<div class=\"vc_custom_heading vc_gitem-post-data vc_gitem-post-data-source-post_title\">\n<h4>Kaiserappartement<\/h4>\n<\/div>\n<div class=\"vc_custom_heading vc_gitem-post-data vc_gitem-post-data-source-post_excerpt\">\n<p>Das historische Kaiserzimmer bietet neben einem Doppelbett noch drei weitere Einzelbetten sowie Dusche.<\/p>\n<\/div>\n<p>[\/vc_column_text][vc_btn title=&#8220;Anfragen&#8220; color=&#8220;primary&#8220; align=&#8220;center&#8220; button_block=&#8220;true&#8220; link=&#8220;url:mailto%3Aberghaus.hochschneeberg%40aon.at|||&#8220;][\/vc_column][vc_column width=&#8220;1\/3&#8243;][vc_single_image image=&#8220;1843&#8243; img_size=&#8220;large&#8220;][vc_column_text]<\/p>\n<div class=\"vc_custom_heading vc_gitem-post-data vc_gitem-post-data-source-post_title\">\n<h4>Familienzimmer<\/h4>\n<\/div>\n<div class=\"vc_custom_heading vc_gitem-post-data vc_gitem-post-data-source-post_excerpt\">\n<p>Das gro\u00dfz\u00fcgige Familienzimmer. Es verf\u00fcgt \u00fcber ein Himmelbett sowie 3 weitere Einzelbetten und Dusche.<\/p>\n<\/div>\n<p>[\/vc_column_text][vc_btn title=&#8220;Anfragen&#8220; color=&#8220;primary&#8220; align=&#8220;center&#8220; button_block=&#8220;true&#8220; link=&#8220;url:mailto%3Aberghaus.hochschneeberg%40aon.at|||&#8220;][\/vc_column][vc_column width=&#8220;1\/3&#8243;][vc_single_image image=&#8220;1890&#8243; img_size=&#8220;large&#8220;][vc_column_text]<\/p>\n<div class=\"vc_custom_heading vc_gitem-post-data vc_gitem-post-data-source-post_title\">\n<div class=\"vc_custom_heading vc_gitem-post-data vc_gitem-post-data-source-post_title\">\n<h4>Adjutantenzimmer<\/h4>\n<\/div>\n<div class=\"vc_custom_heading vc_gitem-post-data vc_gitem-post-data-source-post_excerpt\">\n<p>Das Adjudantenzimmer verf\u00fcgt \u00fcber ein Doppelbett, einen internen Zugang zum Kaiserappartement und Dusche im Zimmer.<\/p>\n<\/div>\n<\/div>\n<p>[\/vc_column_text][vc_btn title=&#8220;Anfragen&#8220; color=&#8220;primary&#8220; align=&#8220;center&#8220; button_block=&#8220;true&#8220; link=&#8220;url:mailto%3Aberghaus.hochschneeberg%40aon.at|||&#8220;][\/vc_column][\/vc_row][vc_row][vc_column width=&#8220;1\/3&#8243;][vc_single_image image=&#8220;1873&#8243; img_size=&#8220;large&#8220;][vc_column_text]<\/p>\n<div class=\"vc_custom_heading vc_gitem-post-data vc_gitem-post-data-source-post_title\">\n<h4>Exotisches Zimmer<\/h4>\n<\/div>\n<div class=\"vc_custom_heading vc_gitem-post-data vc_gitem-post-data-source-post_excerpt\">\n<p>Das ger\u00e4umige Zimmer verf\u00fcgt \u00fcber bis zu 6 Betten inklusive Dusche.<\/p>\n<\/div>\n<p>[\/vc_column_text][vc_btn title=&#8220;Anfragen&#8220; color=&#8220;primary&#8220; align=&#8220;center&#8220; button_block=&#8220;true&#8220; link=&#8220;url:mailto%3Aberghaus.hochschneeberg%40aon.at|||&#8220;][\/vc_column][vc_column width=&#8220;1\/3&#8243;][vc_single_image image=&#8220;1885&#8243; img_size=&#8220;large&#8220;][vc_column_text]<\/p>\n<div class=\"vc_custom_heading vc_gitem-post-data vc_gitem-post-data-source-post_title\">\n<h4>Kleines Zimmer<\/h4>\n<\/div>\n<div class=\"vc_custom_heading vc_gitem-post-data vc_gitem-post-data-source-post_excerpt\">\n<p>Das gem\u00fctliche Zimmer mit Dusche bietet Platz f\u00fcr 2 Personen.<\/p>\n<\/div>\n<p>[\/vc_column_text][vc_btn title=&#8220;Anfragen&#8220; color=&#8220;primary&#8220; align=&#8220;center&#8220; button_block=&#8220;true&#8220; link=&#8220;url:mailto%3Aberghaus.hochschneeberg%40aon.at|||&#8220;][\/vc_column][vc_column width=&#8220;1\/3&#8243;][\/vc_column][\/vc_row]<\/p>","protected":false},"excerpt":{"rendered":"<p>[vc_row][vc_column][vc_custom_heading text=&#8220;Zimmer&#8220; font_container=&#8220;tag:h2|text_align:center&#8220; use_theme_fonts=&#8220;yes&#8220; css=&#8220;.vc_custom_1584978133427{margin-bottom: 60px !important;}&#8220;][\/vc_column][\/vc_row][vc_row][vc_column width=&#8220;1\/3&#8243;][vc_single_image image=&#8220;1895&#8243; img_size=&#8220;large&#8220; add_caption=&#8220;yes&#8220; alignment=&#8220;center&#8220;][vc_column_text] Verandazimmer Das gem\u00fctliche Verandazimmer bietet Platz f\u00fcr 2 Personen. [\/vc_column_text][vc_btn title=&#8220;Anfragen&#8220; color=&#8220;primary&#8220; align=&#8220;center&#8220; button_block=&#8220;true&#8220; link=&#8220;url:mailto%3Aberghaus.hochschneeberg%40aon.at|||&#8220;][\/vc_column][vc_column width=&#8220;1\/3&#8243;][vc_single_image image=&#8220;1884&#8243; img_size=&#8220;large&#8220; add_caption=&#8220;yes&#8220;][vc_column_text] Zweibettzimmer Zweibettzimmer mit zwei Einzelbetten und Dusche im Zimmer. [\/vc_column_text][vc_btn title=&#8220;Anfragen&#8220; color=&#8220;primary&#8220; align=&#8220;center&#8220; button_block=&#8220;true&#8220; link=&#8220;url:mailto%3Aberghaus.hochschneeberg%40aon.at|||&#8220;][\/vc_column][vc_column width=&#8220;1\/3&#8243;][vc_single_image image=&#8220;1871&#8243; img_size=&#8220;large&#8220; add_caption=&#8220;yes&#8220;][vc_column_text] Mehrbettzimmer Bietet Platz f\u00fcr 4 [&hellip;]<\/p>\n","protected":false},"author":1,"featured_media":0,"parent":0,"menu_order":0,"comment_status":"closed","ping_status":"closed","template":"","meta":[],"_links":{"self":[{"href":"https:\/\/berghaushochschneeberg.at\/de\/wp-json\/wp\/v2\/pages\/41"}],"collection":[{"href":"https:\/\/berghaushochschneeberg.at\/de\/wp-json\/wp\/v2\/pages"}],"about":[{"href":"https:\/\/berghaushochschneeberg.at\/de\/wp-json\/wp\/v2\/types\/page"}],"author":[{"embeddable":true,"href":"https:\/\/berghaushochschneeberg.at\/de\/wp-json\/wp\/v2\/users\/1"}],"replies":[{"embeddable":true,"href":"https:\/\/berghaushochschneeberg.at\/de\/wp-json\/wp\/v2\/comments?post=41"}],"version-history":[{"count":128,"href":"https:\/\/berghaushochschneeberg.at\/de\/wp-json\/wp\/v2\/pages\/41\/revisions"}],"predecessor-version":[{"id":2130,"href":"https:\/\/berghaushochschneeberg.at\/de\/wp-json\/wp\/v2\/pages\/41\/revisions\/2130"}],"wp:attachment":[{"href":"https:\/\/berghaushochschneeberg.at\/de\/wp-json\/wp\/v2\/media?parent=41"}],"curies":[{"name":"wp","href":"https:\/\/api.w.org\/{rel}","templated":true}]}}