{"id":258,"date":"2018-06-04T03:49:55","date_gmt":"2018-06-04T03:49:55","guid":{"rendered":"http:\/\/multipurpose.loc\/hotel\/?page_id=258"},"modified":"2021-09-16T16:02:15","modified_gmt":"2021-09-16T16:02:15","slug":"galerie","status":"publish","type":"page","link":"https:\/\/berghaushochschneeberg.at\/de\/galerie\/","title":{"rendered":"Galerie"},"content":{"rendered":"<p>[vc_row][vc_column][vc_custom_heading source=&#8220;post_title&#8220; font_container=&#8220;tag:h2|text_align:center&#8220; use_theme_fonts=&#8220;yes&#8220; css=&#8220;.vc_custom_1539948482659{margin-bottom: 60px !important;}&#8220;][vc_gallery type=&#8220;image_grid&#8220; images=&#8220;1895,1894,1864,1641,1640,1635,1569,1638,1410,1416&#8243; img_size=&#8220;medium&#8220;][\/vc_column][\/vc_row][vc_row][vc_column width=&#8220;1\/2&#8243;][vc_column_text]<\/p>\n<h3>Panorama Webcam<\/h3>\n<p><a href=\"https:\/\/www.schneeberg.tv\/livebild\/hsb\/hsb_down_hi.jpg\"><img loading=\"lazy\" src=\"https:\/\/www.schneeberg.tv\/livebild\/hsb\/hsb_down_hi.jpg\" alt=\"\" width=\"2048\" height=\"1536\" \/><\/a>[\/vc_column_text][vc_btn title=&#8220;View more&#8220; color=&#8220;primary&#8220; align=&#8220;center&#8220; button_block=&#8220;true&#8220; link=&#8220;url:http%3A%2F%2Fschneeberg.tv%2F||target:%20_blank|&#8220;][\/vc_column][vc_column width=&#8220;1\/2&#8243;][vc_column_text]<\/p>\n<h3>Panorama Webcam<\/h3>\n<p>&nbsp;<\/p>\n<figure><a href=\"https:\/\/de.wikipedia.org\/wiki\/Berghaus_Hochschneeberg#Geschichte\"><img loading=\"lazy\" src=\"https:\/\/berghaushochschneeberg.at\/wp-content\/uploads\/2020\/05\/Berghaus-1024x471.png\" sizes=\"(max-width: 1024px) 100vw, 1024px\" srcset=\"https:\/\/berghaushochschneeberg.at\/wp-content\/uploads\/2020\/05\/Berghaus-1024x471.png 1024w, https:\/\/berghaushochschneeberg.at\/wp-content\/uploads\/2020\/05\/Berghaus-300x138.png 300w, https:\/\/berghaushochschneeberg.at\/wp-content\/uploads\/2020\/05\/Berghaus-768x353.png 768w, https:\/\/berghaushochschneeberg.at\/wp-content\/uploads\/2020\/05\/Berghaus.png 1227w\" alt=\"\" width=\"1024\" height=\"471\" \/><\/a><\/figure>\n<h3><a href=\"https:\/\/de.wikipedia.org\/wiki\/Berghaus_Hochschneeberg\">The Berghaus Hochschneeberg <\/a><\/h3>\n<p>Das Hotel wurde 1898 beim Bau der Schneebergbahn nach Pl\u00e4nen der Theaterarchitekten Helmer &amp; Fellner erbaut. Es besa\u00df bereits damals einen Telefonanschluss und auch eine Poststelle, die den Stempel \u201eHochschneeberg\u201c f\u00fchrte.<\/p>\n<p>Berghotel Schneeberg mit Gruselplatz Kaiser Franz Josef besuchte am 18. Juni 1902 das Hotel sowie die Elisabethkirche.<\/p>\n<p>Das Berghaus wurde nach dem Zweiten Weltkrieg modernisiert, befand sich bis 1997 im Besitz der \u00d6BB und wurde dann an einen Privatmann verkauft. Die Grundst\u00fccke seiner Umgebung geh\u00f6ren (wie der Schneeberg allgemein, weil er zum Einzugsgebiet der 1. Wiener Hochquellenwasserleitung geh\u00f6rt) der Stadt Wien oder, soweit sie f\u00fcr den Bahnbetrieb verwendet werden, zur Schneebergbahn. Lebensmittel und anderer Bedarf des Berghauses werden per Zahnradbahn geliefert. Seit der Installation der Wasserleitungen auf den Schneeberg in den Jahren 2005\/2006 gibt es auch durchgehend frisches Wasser im Berghaus Hochschneeberg.<\/p>\n<p>[\/vc_column_text][vc_btn title=&#8220;Weitere Informationen auf wikipedia&#8220; color=&#8220;primary&#8220; align=&#8220;center&#8220; button_block=&#8220;true&#8220; link=&#8220;url:https%3A%2F%2Fde.wikipedia.org%2Fwiki%2FBerghaus_Hochschneeberg||target:%20_blank|&#8220;][\/vc_column][\/vc_row][vc_row][vc_column][\/vc_column][\/vc_row]<\/p>","protected":false},"excerpt":{"rendered":"<p>[vc_row][vc_column][vc_custom_heading source=&#8220;post_title&#8220; font_container=&#8220;tag:h2|text_align:center&#8220; use_theme_fonts=&#8220;yes&#8220; css=&#8220;.vc_custom_1539948482659{margin-bottom: 60px !important;}&#8220;][vc_gallery type=&#8220;image_grid&#8220; images=&#8220;1895,1894,1864,1641,1640,1635,1569,1638,1410,1416&#8243; img_size=&#8220;medium&#8220;][\/vc_column][\/vc_row][vc_row][vc_column width=&#8220;1\/2&#8243;][vc_column_text] Panorama Webcam [\/vc_column_text][vc_btn title=&#8220;View more&#8220; color=&#8220;primary&#8220; align=&#8220;center&#8220; button_block=&#8220;true&#8220; link=&#8220;url:http%3A%2F%2Fschneeberg.tv%2F||target:%20_blank|&#8220;][\/vc_column][vc_column width=&#8220;1\/2&#8243;][vc_column_text] Panorama Webcam &nbsp; The Berghaus Hochschneeberg Das Hotel wurde 1898 beim Bau der Schneebergbahn nach Pl\u00e4nen der Theaterarchitekten Helmer &amp; Fellner erbaut. Es besa\u00df bereits damals einen Telefonanschluss und auch eine Poststelle, die den [&hellip;]<\/p>\n","protected":false},"author":1,"featured_media":0,"parent":0,"menu_order":0,"comment_status":"closed","ping_status":"closed","template":"","meta":[],"_links":{"self":[{"href":"https:\/\/berghaushochschneeberg.at\/de\/wp-json\/wp\/v2\/pages\/258"}],"collection":[{"href":"https:\/\/berghaushochschneeberg.at\/de\/wp-json\/wp\/v2\/pages"}],"about":[{"href":"https:\/\/berghaushochschneeberg.at\/de\/wp-json\/wp\/v2\/types\/page"}],"author":[{"embeddable":true,"href":"https:\/\/berghaushochschneeberg.at\/de\/wp-json\/wp\/v2\/users\/1"}],"replies":[{"embeddable":true,"href":"https:\/\/berghaushochschneeberg.at\/de\/wp-json\/wp\/v2\/comments?post=258"}],"version-history":[{"count":55,"href":"https:\/\/berghaushochschneeberg.at\/de\/wp-json\/wp\/v2\/pages\/258\/revisions"}],"predecessor-version":[{"id":2067,"href":"https:\/\/berghaushochschneeberg.at\/de\/wp-json\/wp\/v2\/pages\/258\/revisions\/2067"}],"wp:attachment":[{"href":"https:\/\/berghaushochschneeberg.at\/de\/wp-json\/wp\/v2\/media?parent=258"}],"curies":[{"name":"wp","href":"https:\/\/api.w.org\/{rel}","templated":true}]}}