{"id":11,"date":"2020-03-21T04:39:02","date_gmt":"2020-03-21T04:39:02","guid":{"rendered":"http:\/\/multipurpose.loc\/hotel\/?page_id=7"},"modified":"2025-04-04T10:01:27","modified_gmt":"2025-04-04T10:01:27","slug":"front-page","status":"publish","type":"page","link":"https:\/\/berghaushochschneeberg.at\/de\/","title":{"rendered":"Startseite"},"content":{"rendered":"<p>[vc_row][vc_column][vc_column_text][\/vc_column_text][\/vc_column][\/vc_row][vc_row full_width=&#8220;stretch_row_content_no_spaces&#8220; shadow_x_offset=&#8220;0&#8243; shadow_y_offset=&#8220;0&#8243; shadow_blur=&#8220;0&#8243; shadow_spread=&#8220;0&#8243; shadow_color=&#8220;&#8220; el_class=&#8220;overlap&#8220;][vc_column shadow_x_offset=&#8220;0&#8243; shadow_y_offset=&#8220;0&#8243; shadow_blur=&#8220;0&#8243; shadow_spread=&#8220;0&#8243; offset=&#8220;vc_col-xs-12&#8243;][rev_slider_vc alias=&#8220;home&#8220;][\/vc_column][\/vc_row][vc_section css=&#8220;.vc_custom_1539758021945{background-position: 0 0 !important;background-repeat: repeat !important;}&#8220;][vc_row][vc_column][stm_spacer height=&#8220;60&#8243; height_tablet=&#8220;70&#8243; height_mobile=&#8220;50&#8243;][vc_custom_heading text=&#8220;\u00dcber uns&#8220; font_container=&#8220;tag:h2|text_align:center&#8220; use_theme_fonts=&#8220;yes&#8220; heading_icon_color=&#8220;ttc&#8220;][stm_spacer height=&#8220;87&#8243; height_tablet=&#8220;60&#8243; height_mobile=&#8220;40&#8243;][\/vc_column][\/vc_row][vc_row shadow_x_offset=&#8220;0&#8243; shadow_y_offset=&#8220;0&#8243; shadow_blur=&#8220;0&#8243; shadow_spread=&#8220;0&#8243;][vc_column shadow_x_offset=&#8220;0&#8243; shadow_y_offset=&#8220;0&#8243; shadow_blur=&#8220;0&#8243; shadow_spread=&#8220;0&#8243; offset=&#8220;vc_col-lg-6 vc_col-md-6&#8243;][stm_spacer height=&#8220;15&#8243; height_tablet=&#8220;15&#8243; height_mobile=&#8220;15&#8243;][vc_row_inner][vc_column_inner width=&#8220;1\/2&#8243;][stm_icon_box icon_size=&#8220;32&#8243; icon_height=&#8220;39&#8243; icon_width=&#8220;47&#8243; title=&#8220;Panoramablick&#8220; iconbox_css=&#8220;.vc_custom_1584703922002{margin-top: -5px !important;}&#8220; css=&#8220;.vc_custom_1584703922004{margin-bottom: 6px !important;}&#8220;][\/stm_icon_box][vc_column_text css=&#8220;.vc_custom_1584637103857{margin-bottom: 0px !important;}&#8220;]<\/p>\n<p style=\"color: #111111; opacity: 0.6; font-size: 15px; line-height: 24px;\">Wundersch\u00f6ne Lage mit grandiosem Panoramablick bis in die ungarische Tiefebene<\/p>\n<p>[\/vc_column_text][stm_spacer height=&#8220;13&#8243; height_tablet=&#8220;10&#8243; height_mobile=&#8220;10&#8243;][\/vc_column_inner][vc_column_inner width=&#8220;1\/2&#8243;][stm_icon_box icon_size=&#8220;31&#8243; icon_height=&#8220;39&#8243; icon_width=&#8220;47&#8243; title=&#8220;Wanderrouten&#8220; iconbox_css=&#8220;.vc_custom_1584704156539{margin-top: -5px !important;}&#8220; css=&#8220;.vc_custom_1584704156541{margin-bottom: 6px !important;}&#8220;][\/stm_icon_box][vc_column_text]<\/p>\n<p style=\"color: #111111; opacity: 0.6; font-size: 15px; line-height: 24px;\">F\u00fcr Wanderer ist das Berghaus Ausgangspunkt f\u00fcr den einst\u00fcndigen Rundwanderweg \u201eParadies der Blicke\u201c<\/p>\n<p>[\/vc_column_text][stm_spacer height=&#8220;13&#8243; height_tablet=&#8220;10&#8243; height_mobile=&#8220;10&#8243;][\/vc_column_inner][\/vc_row_inner][vc_row_inner][vc_column_inner width=&#8220;1\/2&#8243;][stm_icon_box icon_size=&#8220;33&#8243; icon_height=&#8220;39&#8243; icon_width=&#8220;47&#8243; title=&#8220;Feinschmecker&#8220; iconbox_css=&#8220;.vc_custom_1584704449389{margin-top: -5px !important;}&#8220; css=&#8220;.vc_custom_1584704449391{margin-bottom: 12px !important;}&#8220;][\/stm_icon_box][vc_column_text]<\/p>\n<p style=\"color: #111111; opacity: 0.6; font-size: 15px; line-height: 24px;\">F\u00fcr Feinschmecker gibt es unter anderem Tafelspitz mit Alpensauerampfer, gefolgt von Schneebergkrapfen<\/p>\n<p>[\/vc_column_text][\/vc_column_inner][vc_column_inner width=&#8220;1\/2&#8243;][stm_icon_box icon_size=&#8220;30&#8243; icon_height=&#8220;39&#8243; icon_width=&#8220;47&#8243; title=&#8220;Schneebergbahn&#8220; iconbox_css=&#8220;.vc_custom_1584705073930{margin-top: -5px !important;}&#8220; css=&#8220;.vc_custom_1584705073931{margin-bottom: 12px !important;}&#8220;][\/stm_icon_box][vc_column_text]<\/p>\n<p style=\"color: #111111; opacity: 0.6; font-size: 15px; line-height: 24px;\">Die Schneebergbahn f\u00e4hrt von der nieder\u00f6sterreichischen Kleinstadt Puchberg am Schneeberg bis zum Plateau unterhalb des Schneeberggipfels<\/p>\n<div class=\"jhH5U\">\n<div id=\"tw-ob\" class=\"tw-src-ltr\">\n<div class=\"oSioSc\">\n<div id=\"tw-target\">\n<div id=\"kAz1tf\" class=\"g9WsWb\">\n<div class=\"iYB33c\">\n<div id=\"tw-tmenu\" class=\"tw-menu\"><\/div>\n<\/div>\n<\/div>\n<\/div>\n<\/div>\n<\/div>\n<div id=\"tw-images\"><\/div>\n<div class=\"dURPtb\"><\/div>\n<div>\n<div><\/div>\n<\/div>\n<\/div>\n<p>[\/vc_column_text][\/vc_column_inner][\/vc_row_inner][\/vc_column][vc_column shadow_x_offset=&#8220;0&#8243; shadow_y_offset=&#8220;0&#8243; shadow_blur=&#8220;0&#8243; shadow_spread=&#8220;0&#8243; offset=&#8220;vc_col-lg-offset-1 vc_col-lg-5 vc_col-md-offset-1 vc_col-md-5 vc_hidden-sm vc_hidden-xs&#8220;][vc_single_image image=&#8220;1431&#8243; img_size=&#8220;large&#8220; alignment=&#8220;center&#8220;][\/vc_column][\/vc_row][vc_row][vc_column][stm_spacer height=&#8220;50&#8243; height_tablet=&#8220;100&#8243; height_mobile=&#8220;70&#8243;][\/vc_column][\/vc_row][\/vc_section][vc_section][vc_row full_width=&#8220;stretch_row&#8220; shadow_x_offset=&#8220;0&#8243; shadow_y_offset=&#8220;0&#8243; shadow_blur=&#8220;0&#8243; shadow_spread=&#8220;0&#8243; shadow_color=&#8220;&#8220; css=&#8220;.vc_custom_1539777121042{margin-bottom: 1px !important;background-color: #f8f8f8 !important;background-position: 0 0 !important;background-repeat: repeat !important;}&#8220;][vc_column stretch=&#8220;left&#8220; shadow_x_offset=&#8220;0&#8243; shadow_y_offset=&#8220;0&#8243; shadow_blur=&#8220;0&#8243; shadow_spread=&#8220;0&#8243; shadow_color=&#8220;&#8220; offset=&#8220;vc_col-lg-6 vc_col-md-7&#8243;][vc_single_image image=&#8220;1413&#8243; img_size=&#8220;full&#8220;][\/vc_column][vc_column shadow_x_offset=&#8220;0&#8243; shadow_y_offset=&#8220;0&#8243; shadow_blur=&#8220;0&#8243; shadow_spread=&#8220;0&#8243; offset=&#8220;vc_col-lg-offset-1 vc_col-lg-5 vc_col-md-offset-1 vc_col-md-4 vc_col-sm-offset-0&#8243;][vc_empty_space][vc_custom_heading text=&#8220;Unsere Zimmer&#8220; font_container=&#8220;tag:h2|font_size:38|text_align:left|line_height:40px&#8220; use_theme_fonts=&#8220;yes&#8220;][vc_column_text]<em><strong>Alle Zimmerpreise auf Anfrage!<\/strong><\/em><\/p>\n<ul class=\"icon-list-1\">\n<li>einfache Zimmer<\/li>\n<li>Zimmer inkl. Fr\u00fchst\u00fcck mit Dusche und Veranda<\/li>\n<li>Kaiserappartement inkl. Fr\u00fchst\u00fcck<\/li>\n<\/ul>\n<p>[\/vc_column_text][stm_spacer height_tablet=&#8220;50&#8243;][stm_spacer height_tablet=&#8220;50&#8243;][stm_cta button_icon_pos=&#8220;&#8220; link=&#8220;url:https%3A%2F%2Fberghaushochschneeberg.at%2Fzimmer%2F|title:Mehr%20erfahren||&#8220;][\/stm_cta][\/vc_column][\/vc_row][\/vc_section][vc_row][vc_column][stm_spacer height=&#8220;50&#8243; height_tablet=&#8220;100&#8243; height_mobile=&#8220;70&#8243;][\/vc_column][\/vc_row][vc_section][vc_row][vc_column][vc_custom_heading text=&#8220;Wanderrouten&#8220; font_container=&#8220;tag:h2|font_size:38px|text_align:center&#8220; use_theme_fonts=&#8220;yes&#8220;][vc_column_text]<\/p>\n<p style=\"text-align: left;\">Das Berghaus Hochschneeberg kann als Ausgangspunkt f\u00fcr den Rundwanderweg &#8222;Paradies der Blicke&#8220; genutzt werden (1:30 h Gehzeit, auch mit Kinder geeignet).<br \/>\nWeitere Touren:<\/p>\n<ul class=\"icon-list-1\">\n<li style=\"font-size: 15px; text-align: left;\">Waxriegel (1.888 m, 45 min),<\/li>\n<li style=\"font-size: 15px; text-align: left;\">Klosterwappen (2.076 m, 1 h),<\/li>\n<li style=\"font-size: 15px; text-align: left;\">Kaiserstein (2.061 m, 1 h),<\/li>\n<li style=\"font-size: 15px; text-align: left;\">Zahnradbahnwanderweg nach Puchberg am Schneeberg (2 h)<\/li>\n<\/ul>\n<p>[\/vc_column_text][\/vc_column][\/vc_row][vc_row][vc_column][stm_spacer height=&#8220;50&#8243; height_tablet=&#8220;100&#8243; height_mobile=&#8220;70&#8243;][\/vc_column][\/vc_row][vc_row][vc_column width=&#8220;1\/2&#8243;][vc_column_text]<\/p>\n<h3>Panorama Webcam<\/h3>\n<p><a href=\"https:\/\/www.schneeberg.tv\/livebild\/hsb\/hsb_down_hi.jpg\"><img loading=\"lazy\" class=\"alignnone\" src=\"https:\/\/www.schneeberg.tv\/livebild\/hsb\/hsb_down_hi.jpg\" alt=\"\" width=\"2048\" height=\"1536\" \/><\/a>[\/vc_column_text][vc_btn title=&#8220;Zum Schneeberg TV&#8220; color=&#8220;primary&#8220; align=&#8220;center&#8220; button_block=&#8220;true&#8220; link=&#8220;url:https%3A%2F%2Fwww.schneeberg.tv%2F||target:%20_blank|&#8220;][\/vc_column][vc_column width=&#8220;1\/2&#8243;][vc_column_text]<\/p>\n<p>[\/vc_column_text][vc_single_image image=&#8220;1937&#8243; img_size=&#8220;full&#8220; alignment=&#8220;center&#8220; onclick=&#8220;zoom&#8220;][vc_column_text]<\/p>\n<figure><\/figure>\n<figure><\/figure>\n<figure><\/figure>\n<h3><a href=\"https:\/\/de.wikipedia.org\/wiki\/Berghaus_Hochschneeberg#Geschichte\">Das Berghaus Hochschneeberg <\/a><\/h3>\n<p>Das Hotel wurde 1898 beim Bau der Schneebergbahn von den k.k. \u00f6sterreichische Staatsbahnen nach Pl\u00e4nen der Theaterarchitekten Helmer &amp; Fellner erbaut. Es besa\u00df bereits damals einen Telefonanschluss und auch eine Poststelle, die den Stempel \u201eHochschneeberg\u201c f\u00fchrte.<br \/>\nKaiser Franz Josef besuchte am 18. Juni 1902 das Hotel sowie die Elisabethkirche. Das Berghaus wurde nach dem Zweiten Weltkrieg modernisiert, befand sich bis 1997 im Besitz der \u00d6BB und wurde dann an einen Privatmann verkauft. Die Grundst\u00fccke seiner Umgebung geh\u00f6ren (wie der Schneeberg allgemein, weil er zum Einzugsgebiet der 1. Wiener Hochquellenwasserleitung geh\u00f6rt) der Stadt Wien oder, soweit sie f\u00fcr den Bahnbetrieb verwendet werden, zur Schneebergbahn.<\/p>\n<p>Lebensmittel und anderer Bedarf des Berghauses werden per Zahnradbahn geliefert. Seit der Installation der Wasserleitungen auf den Schneeberg in den Jahren 2005\/2006 gibt es auch durchgehend frisches Wasser im Berghaus Hochschneeberg&#8230;[\/vc_column_text][vc_btn title=&#8220;Weiterlesen auf Wikipedia&#8220; color=&#8220;primary&#8220; align=&#8220;center&#8220; button_block=&#8220;true&#8220; link=&#8220;url:https%3A%2F%2Fde.wikipedia.org%2Fwiki%2FBerghaus_Hochschneeberg||target:%20_blank|&#8220;][\/vc_column][\/vc_row][\/vc_section][vc_row][vc_column][stm_spacer height=&#8220;50&#8243; height_tablet=&#8220;100&#8243; height_mobile=&#8220;70&#8243;][\/vc_column][\/vc_row][vc_section][vc_row full_width=&#8220;stretch_row&#8220; shadow_x_offset=&#8220;0&#8243; shadow_y_offset=&#8220;0&#8243; shadow_blur=&#8220;0&#8243; shadow_spread=&#8220;0&#8243; shadow_color=&#8220;&#8220; css=&#8220;.vc_custom_1539759345328{background-color: #212a42 !important;}&#8220;][vc_column shadow_x_offset=&#8220;0&#8243; shadow_y_offset=&#8220;0&#8243; shadow_blur=&#8220;0&#8243; shadow_spread=&#8220;0&#8243; shadow_color=&#8220;&#8220; offset=&#8220;vc_col-lg-offset-0 vc_col-lg-5 vc_col-md-offset-0 vc_col-md-5&#8243;][stm_spacer height=&#8220;100&#8243; height_tablet=&#8220;100&#8243; height_mobile=&#8220;70&#8243;][vc_custom_heading text=&#8220;Informationen&#8220; font_container=&#8220;tag:h4|font_size:38|text_align:left|color:%23ffffff|line_height:40px&#8220; use_theme_fonts=&#8220;yes&#8220; css=&#8220;.vc_custom_1584876407909{margin-bottom: 35px !important;}&#8220;][vc_custom_heading text=&#8220;R\u00e4umlichkeiten&#8220; font_container=&#8220;tag:h5|font_size:24|text_align:left|color:%23ffffff|line_height:40px&#8220; use_theme_fonts=&#8220;yes&#8220;][vc_column_text]<\/p>\n<ul class=\"icon-list-1\" style=\"color: white;\">\n<li>Warmwasserduschen in den Zimmern, Mobilfunkempfang, WLAN, Hunde erlaubt<\/li>\n<\/ul>\n<p>[\/vc_column_text][vc_custom_heading text=&#8220;\u00d6ffnungszeiten&#8220; font_container=&#8220;tag:h5|font_size:24|text_align:left|color:%23ffffff|line_height:40px&#8220; use_theme_fonts=&#8220;yes&#8220;][vc_column_text]<\/p>\n<ul class=\"icon-list-1\" style=\"color: white;\">\n<li>Ende April bis Ende Oktober ge\u00f6ffnet<\/li>\n<\/ul>\n<p>[\/vc_column_text][vc_custom_heading text=&#8220;Parkplatz&#8220; font_container=&#8220;tag:h5|font_size:24|text_align:left|color:%23ffffff|line_height:40px&#8220; use_theme_fonts=&#8220;yes&#8220;][vc_column_text]<\/p>\n<ul class=\"icon-list-1\" style=\"color: white;\">\n<li>Parkplatz bei der Talstation (Losenheimer Stra\u00dfe)<\/li>\n<\/ul>\n<p>[\/vc_column_text][\/vc_column][vc_column width=&#8220;1\/12&#8243; shadow_x_offset=&#8220;0&#8243; shadow_y_offset=&#8220;0&#8243; shadow_blur=&#8220;0&#8243; shadow_spread=&#8220;0&#8243; offset=&#8220;vc_hidden-sm vc_hidden-xs&#8220;][\/vc_column][vc_column stretch=&#8220;right&#8220; width=&#8220;1\/2&#8243; shadow_x_offset=&#8220;0&#8243; shadow_y_offset=&#8220;0&#8243; shadow_blur=&#8220;0&#8243; shadow_spread=&#8220;0&#8243; shadow_color=&#8220;&#8220; css=&#8220;.vc_custom_1584798055402{background-image: url(https:\/\/berghaushochschneeberg.at\/wp-content\/uploads\/2020\/03\/holly-mandarich-UVyOfX3v0Ls-unsplash-scaled.jpg?id=1740) !important;}&#8220;][stm_spacer height=&#8220;637&#8243; height_tablet=&#8220;637&#8243; height_mobile=&#8220;500&#8243;][\/vc_column][\/vc_row][\/vc_section][vc_row][vc_column][vc_column_text][\/vc_column_text][\/vc_column][\/vc_row]<\/p>","protected":false},"excerpt":{"rendered":"<p>[vc_row][vc_column][vc_column_text][\/vc_column_text][\/vc_column][\/vc_row][vc_row full_width=&#8220;stretch_row_content_no_spaces&#8220; shadow_x_offset=&#8220;0&#8243; shadow_y_offset=&#8220;0&#8243; shadow_blur=&#8220;0&#8243; shadow_spread=&#8220;0&#8243; shadow_color=&#8220;&#8220; el_class=&#8220;overlap&#8220;][vc_column shadow_x_offset=&#8220;0&#8243; shadow_y_offset=&#8220;0&#8243; shadow_blur=&#8220;0&#8243; shadow_spread=&#8220;0&#8243; offset=&#8220;vc_col-xs-12&#8243;][rev_slider_vc alias=&#8220;home&#8220;][\/vc_column][\/vc_row][vc_section css=&#8220;.vc_custom_1539758021945{background-position: 0 0 !important;background-repeat: repeat !important;}&#8220;][vc_row][vc_column][stm_spacer height=&#8220;60&#8243; height_tablet=&#8220;70&#8243; height_mobile=&#8220;50&#8243;][vc_custom_heading text=&#8220;\u00dcber uns&#8220; font_container=&#8220;tag:h2|text_align:center&#8220; use_theme_fonts=&#8220;yes&#8220; heading_icon_color=&#8220;ttc&#8220;][stm_spacer height=&#8220;87&#8243; height_tablet=&#8220;60&#8243; height_mobile=&#8220;40&#8243;][\/vc_column][\/vc_row][vc_row shadow_x_offset=&#8220;0&#8243; shadow_y_offset=&#8220;0&#8243; shadow_blur=&#8220;0&#8243; shadow_spread=&#8220;0&#8243;][vc_column shadow_x_offset=&#8220;0&#8243; shadow_y_offset=&#8220;0&#8243; shadow_blur=&#8220;0&#8243; shadow_spread=&#8220;0&#8243; offset=&#8220;vc_col-lg-6 vc_col-md-6&#8243;][stm_spacer height=&#8220;15&#8243; height_tablet=&#8220;15&#8243; height_mobile=&#8220;15&#8243;][vc_row_inner][vc_column_inner width=&#8220;1\/2&#8243;][stm_icon_box icon_size=&#8220;32&#8243; icon_height=&#8220;39&#8243; icon_width=&#8220;47&#8243; title=&#8220;Panoramablick&#8220; iconbox_css=&#8220;.vc_custom_1584703922002{margin-top: -5px !important;}&#8220; css=&#8220;.vc_custom_1584703922004{margin-bottom: 6px !important;}&#8220;][\/stm_icon_box][vc_column_text [&hellip;]<\/p>\n","protected":false},"author":1,"featured_media":0,"parent":0,"menu_order":0,"comment_status":"closed","ping_status":"closed","template":"","meta":[],"_links":{"self":[{"href":"https:\/\/berghaushochschneeberg.at\/de\/wp-json\/wp\/v2\/pages\/11"}],"collection":[{"href":"https:\/\/berghaushochschneeberg.at\/de\/wp-json\/wp\/v2\/pages"}],"about":[{"href":"https:\/\/berghaushochschneeberg.at\/de\/wp-json\/wp\/v2\/types\/page"}],"author":[{"embeddable":true,"href":"https:\/\/berghaushochschneeberg.at\/de\/wp-json\/wp\/v2\/users\/1"}],"replies":[{"embeddable":true,"href":"https:\/\/berghaushochschneeberg.at\/de\/wp-json\/wp\/v2\/comments?post=11"}],"version-history":[{"count":218,"href":"https:\/\/berghaushochschneeberg.at\/de\/wp-json\/wp\/v2\/pages\/11\/revisions"}],"predecessor-version":[{"id":2141,"href":"https:\/\/berghaushochschneeberg.at\/de\/wp-json\/wp\/v2\/pages\/11\/revisions\/2141"}],"wp:attachment":[{"href":"https:\/\/berghaushochschneeberg.at\/de\/wp-json\/wp\/v2\/media?parent=11"}],"curies":[{"name":"wp","href":"https:\/\/api.w.org\/{rel}","templated":true}]}}