{"id":41,"date":"2018-05-28T10:23:11","date_gmt":"2018-05-28T10:23:11","guid":{"rendered":"http:\/\/multipurpose.loc\/hotel\/?page_id=41"},"modified":"2025-03-20T16:09:46","modified_gmt":"2025-03-20T16:09:46","slug":"zimmer","status":"publish","type":"page","link":"https:\/\/berghaushochschneeberg.at\/cz\/zimmer\/","title":{"rendered":"Pokoje"},"content":{"rendered":"<p>[vc_row][vc_column][vc_custom_heading text=&#8221;Pokoje&#8221; font_container=&#8221;tag:h2|text_align:center&#8221; use_theme_fonts=&#8221;yes&#8221; css=&#8221;.vc_custom_1590329608888{margin-bottom: 60px !important;}&#8221;][\/vc_column][\/vc_row][vc_row][vc_column width=&#8221;1\/3&#8243;][vc_single_image image=&#8221;1895&#8243; img_size=&#8221;large&#8221;][vc_column_text]<\/p>\n<h4>Verandazimmer<\/h4>\n<p>Komfortn\u00ed pokoj nab\u00edz\u00ed 2 postele<br \/>\na sprcha.[\/vc_column_text][vc_btn title=&#8221;Rezervace&#8221; color=&#8221;primary&#8221; align=&#8221;center&#8221; button_block=&#8221;true&#8221; link=&#8221;url:mailto%3Aberghaus.hochschneeberg%40aon.at|||&#8221;][\/vc_column][vc_column width=&#8221;1\/3&#8243;][vc_single_image image=&#8221;1884&#8243; img_size=&#8221;large&#8221;][vc_column_text]<\/p>\n<div class=\"vc_custom_heading vc_gitem-post-data vc_gitem-post-data-source-post_title\">\n<div id=\"KnM9nf\">\n<h4 id=\"tw-smenu\" class=\"tw-menu\">Dvojl\u016f\u017ekov\u00fd pokoj<\/h4>\n<\/div>\n<\/div>\n<div class=\"vc_custom_heading vc_gitem-post-data vc_gitem-post-data-source-post_excerpt\">\n<p class=\"tw-data-text tw-text-large XcVN5d tw-ta\" dir=\"ltr\" data-placeholder=\"\u00dcbersetzung\"><span lang=\"cs\">Dvoul\u016f\u017ekov\u00fd pokoj se dv\u011bma odd\u011blen\u00fdmi postelemi a sprchou.<\/span><\/p>\n<\/div>\n<p>[\/vc_column_text][vc_btn title=&#8221;Rezervace&#8221; color=&#8221;primary&#8221; align=&#8221;center&#8221; button_block=&#8221;true&#8221; link=&#8221;url:mailto%3Aberghaus.hochschneeberg%40aon.at|||&#8221;][\/vc_column][vc_column width=&#8221;1\/3&#8243;][vc_single_image image=&#8221;1871&#8243; img_size=&#8221;large&#8221;][vc_column_text]<\/p>\n<div class=\"vc_custom_heading vc_gitem-post-data vc_gitem-post-data-source-post_title\">\n<h4>V\u00edcel\u016f\u017ekov\u00fd pokoj<\/h4>\n<\/div>\n<div class=\"vc_custom_heading vc_gitem-post-data vc_gitem-post-data-source-post_excerpt\">\n<p id=\"tw-target-text\" dir=\"ltr\" data-placeholder=\"\u00dcbersetzung\">Tento pokoj nab\u00edz\u00ed ubytov\u00e1n\u00ed pro 4 a\u017e 12 osob, ide\u00e1ln\u00ed pro velk\u00e9 skupiny.<\/p>\n<\/div>\n<p>[\/vc_column_text][vc_btn title=&#8221;Rezervace&#8221; color=&#8221;primary&#8221; align=&#8221;center&#8221; button_block=&#8221;true&#8221; link=&#8221;url:mailto%3Aberghaus.hochschneeberg%40aon.at|||&#8221;][\/vc_column][\/vc_row][vc_row][vc_column width=&#8221;1\/3&#8243;][vc_single_image image=&#8221;1864&#8243; img_size=&#8221;large&#8221;][vc_column_text]<\/p>\n<h4 id=\"tw-target-text\" class=\"tw-data-text tw-text-large XcVN5d tw-ta\" dir=\"ltr\" data-placeholder=\"\u00dcbersetzung\">Kaiserappartement<\/h4>\n<p class=\"tw-data-text tw-text-large XcVN5d tw-ta\" dir=\"ltr\" data-placeholder=\"\u00dcbersetzung\">Tento historick\u00fd pokoj nab\u00edz\u00ed postel kr\u00e1lovsk\u00e9 velikosti a t\u0159i samostatn\u00e9 postele a sprchy.<\/p>\n<p>[\/vc_column_text][vc_btn title=&#8221;Rezervace&#8221; color=&#8221;primary&#8221; align=&#8221;center&#8221; button_block=&#8221;true&#8221; link=&#8221;url:mailto%3Aberghaus.hochschneeberg%40aon.at|||&#8221;][\/vc_column][vc_column width=&#8221;1\/3&#8243;][vc_single_image image=&#8221;1843&#8243; img_size=&#8221;large&#8221;][vc_column_text]<\/p>\n<h4 id=\"tw-target-text\" class=\"tw-data-text tw-text-large XcVN5d tw-ta\" dir=\"ltr\" data-placeholder=\"\u00dcbersetzung\"><span lang=\"cs\">Rodinn\u00fd pokoj<\/span><\/h4>\n<p class=\"tw-data-text tw-text-large XcVN5d tw-ta\" dir=\"ltr\" data-placeholder=\"\u00dcbersetzung\">Komfortn\u00ed rodinn\u00fd pokoj nab\u00edz\u00ed a\u017e 5 l\u016f\u017eek se sprchou a sn\u00eddan\u00ed.<\/p>\n<p>[\/vc_column_text][vc_btn title=&#8221;Rezervace&#8221; color=&#8221;primary&#8221; align=&#8221;center&#8221; button_block=&#8221;true&#8221; link=&#8221;url:mailto%3Aberghaus.hochschneeberg%40aon.at|||&#8221;][\/vc_column][vc_column width=&#8221;1\/3&#8243;][vc_single_image image=&#8221;1890&#8243; img_size=&#8221;large&#8221;][vc_column_text]<\/p>\n<h4 id=\"tw-target-text\" class=\"tw-data-text tw-text-large XcVN5d tw-ta\" dir=\"ltr\" data-placeholder=\"\u00dcbersetzung\"><span lang=\"cs\">Pomocn\u00e1 m\u00edstnost<\/span><\/h4>\n<p class=\"tw-data-text tw-text-large XcVN5d tw-ta\" dir=\"ltr\" data-placeholder=\"\u00dcbersetzung\">V m\u00edstnosti pobo\u010dn\u00edka je man\u017eelsk\u00e1 postel a<br \/>\npr\u016fchod do sousedn\u00edho bytu Kaiserappartement.<\/p>\n<p>[\/vc_column_text][vc_btn title=&#8221;Rezervace&#8221; color=&#8221;primary&#8221; align=&#8221;center&#8221; button_block=&#8221;true&#8221; link=&#8221;url:mailto%3Aberghaus.hochschneeberg%40aon.at|||&#8221;][\/vc_column][\/vc_row][vc_row][vc_column width=&#8221;1\/3&#8243;][vc_single_image image=&#8221;1888&#8243; img_size=&#8221;large&#8221;][vc_column_text]<\/p>\n<h4 id=\"tw-target-text\" class=\"tw-data-text tw-text-large XcVN5d tw-ta\" dir=\"ltr\" data-placeholder=\"\u00dcbersetzung\"><span lang=\"cs\">Exotick\u00e1 m\u00edstnost<\/span><\/h4>\n<p class=\"tw-data-text tw-text-large XcVN5d tw-ta\" dir=\"ltr\" data-placeholder=\"\u00dcbersetzung\">Komfortn\u00ed pokoj nab\u00edz\u00ed a\u017e 6 l\u016f\u017eek. Se sprchou a sn\u00eddan\u00ed. Pro 4 a v\u00edce host\u016f je cena sn\u00ed\u017eena.<\/p>\n<p>[\/vc_column_text][vc_btn title=&#8221;Rezervace&#8221; color=&#8221;primary&#8221; align=&#8221;center&#8221; button_block=&#8221;true&#8221; link=&#8221;url:mailto%3Aberghaus.hochschneeberg%40aon.at|||&#8221;][\/vc_column][vc_column width=&#8221;1\/3&#8243;][vc_single_image image=&#8221;1885&#8243; img_size=&#8221;large&#8221;][vc_column_text]<\/p>\n<h4 id=\"tw-target-text\" class=\"tw-data-text tw-text-large XcVN5d tw-ta\" dir=\"ltr\" data-placeholder=\"\u00dcbersetzung\"><span lang=\"cs\">Mal\u00fd pokoj<\/span><\/h4>\n<p class=\"tw-data-text tw-text-large XcVN5d tw-ta\" dir=\"ltr\" data-placeholder=\"\u00dcbersetzung\">Komfortn\u00ed pokoj nab\u00edz\u00ed 2 postele. Sprcha a sn\u00eddan\u011b v cen\u011b na osobu.<\/p>\n<p>[\/vc_column_text][vc_btn title=&#8221;Rezervace&#8221; color=&#8221;primary&#8221; align=&#8221;center&#8221; button_block=&#8221;true&#8221; link=&#8221;url:mailto%3Aberghaus.hochschneeberg%40aon.at|||&#8221;][\/vc_column][\/vc_row]<\/p>","protected":false},"excerpt":{"rendered":"<p>[vc_row][vc_column][vc_custom_heading text=&#8221;Pokoje&#8221; font_container=&#8221;tag:h2|text_align:center&#8221; use_theme_fonts=&#8221;yes&#8221; css=&#8221;.vc_custom_1590329608888{margin-bottom: 60px !important;}&#8221;][\/vc_column][\/vc_row][vc_row][vc_column width=&#8221;1\/3&#8243;][vc_single_image image=&#8221;1895&#8243; img_size=&#8221;large&#8221;][vc_column_text] Verandazimmer Komfortn\u00ed pokoj nab\u00edz\u00ed 2 postele a sprcha.[\/vc_column_text][vc_btn title=&#8221;Rezervace&#8221; color=&#8221;primary&#8221; align=&#8221;center&#8221; button_block=&#8221;true&#8221; link=&#8221;url:mailto%3Aberghaus.hochschneeberg%40aon.at|||&#8221;][\/vc_column][vc_column width=&#8221;1\/3&#8243;][vc_single_image image=&#8221;1884&#8243; img_size=&#8221;large&#8221;][vc_column_text] Dvojl\u016f\u017ekov\u00fd pokoj Dvoul\u016f\u017ekov\u00fd pokoj se dv\u011bma odd\u011blen\u00fdmi postelemi a sprchou. [\/vc_column_text][vc_btn title=&#8221;Rezervace&#8221; color=&#8221;primary&#8221; align=&#8221;center&#8221; button_block=&#8221;true&#8221; link=&#8221;url:mailto%3Aberghaus.hochschneeberg%40aon.at|||&#8221;][\/vc_column][vc_column width=&#8221;1\/3&#8243;][vc_single_image image=&#8221;1871&#8243; img_size=&#8221;large&#8221;][vc_column_text] V\u00edcel\u016f\u017ekov\u00fd pokoj Tento pokoj nab\u00edz\u00ed ubytov\u00e1n\u00ed pro 4 a\u017e 12 [&hellip;]<\/p>\n","protected":false},"author":1,"featured_media":0,"parent":0,"menu_order":0,"comment_status":"closed","ping_status":"closed","template":"","meta":[],"_links":{"self":[{"href":"https:\/\/berghaushochschneeberg.at\/cz\/wp-json\/wp\/v2\/pages\/41"}],"collection":[{"href":"https:\/\/berghaushochschneeberg.at\/cz\/wp-json\/wp\/v2\/pages"}],"about":[{"href":"https:\/\/berghaushochschneeberg.at\/cz\/wp-json\/wp\/v2\/types\/page"}],"author":[{"embeddable":true,"href":"https:\/\/berghaushochschneeberg.at\/cz\/wp-json\/wp\/v2\/users\/1"}],"replies":[{"embeddable":true,"href":"https:\/\/berghaushochschneeberg.at\/cz\/wp-json\/wp\/v2\/comments?post=41"}],"version-history":[{"count":128,"href":"https:\/\/berghaushochschneeberg.at\/cz\/wp-json\/wp\/v2\/pages\/41\/revisions"}],"predecessor-version":[{"id":2130,"href":"https:\/\/berghaushochschneeberg.at\/cz\/wp-json\/wp\/v2\/pages\/41\/revisions\/2130"}],"wp:attachment":[{"href":"https:\/\/berghaushochschneeberg.at\/cz\/wp-json\/wp\/v2\/media?parent=41"}],"curies":[{"name":"wp","href":"https:\/\/api.w.org\/{rel}","templated":true}]}}