{"id":258,"date":"2018-06-04T03:49:55","date_gmt":"2018-06-04T03:49:55","guid":{"rendered":"http:\/\/multipurpose.loc\/hotel\/?page_id=258"},"modified":"2021-09-16T16:02:15","modified_gmt":"2021-09-16T16:02:15","slug":"galerie","status":"publish","type":"page","link":"https:\/\/berghaushochschneeberg.at\/cz\/galerie\/","title":{"rendered":"Galerie"},"content":{"rendered":"<p>[vc_row][vc_column][vc_custom_heading source=&#8221;post_title&#8221; font_container=&#8221;tag:h2|text_align:center&#8221; use_theme_fonts=&#8221;yes&#8221; css=&#8221;.vc_custom_1539948482659{margin-bottom: 60px !important;}&#8221;][vc_gallery type=&#8221;image_grid&#8221; images=&#8221;1895,1894,1864,1641,1640,1635,1569,1638,1410,1416&#8243; img_size=&#8221;medium&#8221;][\/vc_column][\/vc_row][vc_row][vc_column width=&#8221;1\/2&#8243;][vc_column_text]<\/p>\n<h3>Panorama Webcam<\/h3>\n<p><a href=\"https:\/\/www.schneeberg.tv\/livebild\/hsb\/hsb_down_hi.jpg\"><img loading=\"lazy\" src=\"https:\/\/www.schneeberg.tv\/livebild\/hsb\/hsb_down_hi.jpg\" alt=\"\" width=\"2048\" height=\"1536\" \/><\/a>[\/vc_column_text][vc_btn title=&#8221;View more&#8221; color=&#8221;primary&#8221; align=&#8221;center&#8221; button_block=&#8221;true&#8221; link=&#8221;url:http%3A%2F%2Fschneeberg.tv%2F||target:%20_blank|&#8221;][\/vc_column][vc_column width=&#8221;1\/2&#8243;][vc_column_text]<\/p>\n<h3>Panorama Webcam<\/h3>\n<p>&nbsp;<\/p>\n<figure><a href=\"https:\/\/de.wikipedia.org\/wiki\/Berghaus_Hochschneeberg#Geschichte\"><img loading=\"lazy\" src=\"https:\/\/berghaushochschneeberg.at\/wp-content\/uploads\/2020\/05\/Berghaus-1024x471.png\" sizes=\"(max-width: 1024px) 100vw, 1024px\" srcset=\"https:\/\/berghaushochschneeberg.at\/wp-content\/uploads\/2020\/05\/Berghaus-1024x471.png 1024w, https:\/\/berghaushochschneeberg.at\/wp-content\/uploads\/2020\/05\/Berghaus-300x138.png 300w, https:\/\/berghaushochschneeberg.at\/wp-content\/uploads\/2020\/05\/Berghaus-768x353.png 768w, https:\/\/berghaushochschneeberg.at\/wp-content\/uploads\/2020\/05\/Berghaus.png 1227w\" alt=\"\" width=\"1024\" height=\"471\" \/><\/a><\/figure>\n<h3><a href=\"https:\/\/de.wikipedia.org\/wiki\/Berghaus_Hochschneeberg\">The Berghaus Hochschneeberg <\/a><\/h3>\n<p>Hotel byl postaven v roce 1898 rakousk\u00fdmi st\u00e1tn\u00edmi drahami podle pl\u00e1n\u016f divadeln\u00edch architekt\u016f Helmer &amp; Fellner. V t\u00e9 dob\u011b ji\u017e m\u011bl telefonn\u00ed spojen\u00ed a po\u0161tovn\u00ed \u00fa\u0159ad, kter\u00fd nesl raz\u00edtko &#8220;Hochschneeberg&#8221;.<br \/>\nDne 18. \u010dervna 1902 nav\u0161t\u00edvil hotel a kostel Elisabethkirche c\u00edsa\u0159 Franti\u0161ek Josef. Po druh\u00e9 sv\u011btov\u00e9 v\u00e1lce byl horsk\u00fd d\u016fm zmodernizov\u00e1n, do roku 1997 pat\u0159il \u00d6BB a pot\u00e9 byl prod\u00e1n soukrom\u00e9 osob\u011b. Pozemky v jeho okol\u00ed pat\u0159\u00ed (stejn\u011b jako Schneeberg obecn\u011b, proto\u017ee pat\u0159\u00ed do povod\u00ed 1. v\u00edde\u0148sk\u00e9ho horkovodu) m\u011bstu V\u00edde\u0148 nebo, pokud jsou vyu\u017e\u00edv\u00e1ny pro provoz \u017eeleznice, Schneebergbahn.<\/p>\n<p>Potraviny a dal\u0161\u00ed pot\u0159eby Berghausu jsou dod\u00e1v\u00e1ny ozubnicovou \u017eeleznic\u00ed. Od instalace vodovodu na Schneebergu v letech 2005\/2006 je v Berghausu Hochschneeberg po celou dobu k dispozici \u010derstv\u00e1 voda.[\/vc_column_text][vc_btn title=&#8221;V\u00edce informac\u00ed na Wikipedii&#8221; color=&#8221;primary&#8221; align=&#8221;center&#8221; button_block=&#8221;true&#8221; link=&#8221;url:https%3A%2F%2Fde.wikipedia.org%2Fwiki%2FBerghaus_Hochschneeberg||target:%20_blank|&#8221;][\/vc_column][\/vc_row][vc_row][vc_column][\/vc_column][\/vc_row]<\/p>","protected":false},"excerpt":{"rendered":"<p>[vc_row][vc_column][vc_custom_heading source=&#8221;post_title&#8221; font_container=&#8221;tag:h2|text_align:center&#8221; use_theme_fonts=&#8221;yes&#8221; css=&#8221;.vc_custom_1539948482659{margin-bottom: 60px !important;}&#8221;][vc_gallery type=&#8221;image_grid&#8221; images=&#8221;1895,1894,1864,1641,1640,1635,1569,1638,1410,1416&#8243; img_size=&#8221;medium&#8221;][\/vc_column][\/vc_row][vc_row][vc_column width=&#8221;1\/2&#8243;][vc_column_text] Panorama Webcam [\/vc_column_text][vc_btn title=&#8221;View more&#8221; color=&#8221;primary&#8221; align=&#8221;center&#8221; button_block=&#8221;true&#8221; link=&#8221;url:http%3A%2F%2Fschneeberg.tv%2F||target:%20_blank|&#8221;][\/vc_column][vc_column width=&#8221;1\/2&#8243;][vc_column_text] Panorama Webcam &nbsp; The Berghaus Hochschneeberg Hotel byl postaven v roce 1898 rakousk\u00fdmi st\u00e1tn\u00edmi drahami podle pl\u00e1n\u016f divadeln\u00edch architekt\u016f Helmer &amp; Fellner. V t\u00e9 dob\u011b ji\u017e m\u011bl telefonn\u00ed spojen\u00ed a po\u0161tovn\u00ed \u00fa\u0159ad, kter\u00fd nesl [&hellip;]<\/p>\n","protected":false},"author":1,"featured_media":0,"parent":0,"menu_order":0,"comment_status":"closed","ping_status":"closed","template":"","meta":[],"_links":{"self":[{"href":"https:\/\/berghaushochschneeberg.at\/cz\/wp-json\/wp\/v2\/pages\/258"}],"collection":[{"href":"https:\/\/berghaushochschneeberg.at\/cz\/wp-json\/wp\/v2\/pages"}],"about":[{"href":"https:\/\/berghaushochschneeberg.at\/cz\/wp-json\/wp\/v2\/types\/page"}],"author":[{"embeddable":true,"href":"https:\/\/berghaushochschneeberg.at\/cz\/wp-json\/wp\/v2\/users\/1"}],"replies":[{"embeddable":true,"href":"https:\/\/berghaushochschneeberg.at\/cz\/wp-json\/wp\/v2\/comments?post=258"}],"version-history":[{"count":55,"href":"https:\/\/berghaushochschneeberg.at\/cz\/wp-json\/wp\/v2\/pages\/258\/revisions"}],"predecessor-version":[{"id":2067,"href":"https:\/\/berghaushochschneeberg.at\/cz\/wp-json\/wp\/v2\/pages\/258\/revisions\/2067"}],"wp:attachment":[{"href":"https:\/\/berghaushochschneeberg.at\/cz\/wp-json\/wp\/v2\/media?parent=258"}],"curies":[{"name":"wp","href":"https:\/\/api.w.org\/{rel}","templated":true}]}}