{"id":1377,"date":"2018-06-05T11:42:23","date_gmt":"2018-06-05T11:42:23","guid":{"rendered":"http:\/\/hotello-demo.loc\/alpen\/?page_id=1373"},"modified":"2025-03-20T10:04:12","modified_gmt":"2025-03-20T10:04:12","slug":"restaurant","status":"publish","type":"page","link":"https:\/\/berghaushochschneeberg.at\/cz\/restaurant\/","title":{"rendered":"Restaurace"},"content":{"rendered":"<p>[vc_row][vc_column][vc_custom_heading source=&#8221;post_title&#8221; font_container=&#8221;tag:h2|text_align:center&#8221; use_theme_fonts=&#8221;yes&#8221; css=&#8221;.vc_custom_1539948683235{margin-bottom: 60px !important;}&#8221;][stm_spacer height=&#8221;30&#8243; height_tablet=&#8221;30&#8243; height_mobile=&#8221;30&#8243;][\/vc_column][\/vc_row][vc_row shadow_x_offset=&#8221;0&#8243; shadow_y_offset=&#8221;0&#8243; shadow_blur=&#8221;0&#8243; shadow_spread=&#8221;0&#8243; shadow_color=&#8221;&#8221; css=&#8221;.vc_custom_1584721536478{background-color: #f9f9f9 !important;}&#8221;][vc_column width=&#8221;1\/6&#8243;][\/vc_column][vc_column width=&#8221;1\/6&#8243; shadow_x_offset=&#8221;0&#8243; shadow_y_offset=&#8221;0&#8243; shadow_blur=&#8221;0&#8243; shadow_spread=&#8221;0&#8243; shadow_color=&#8221;&#8221; offset=&#8221;vc_col-lg-8 vc_col-md-8&#8243;][stm_spacer height_tablet=&#8221;10&#8243; height_mobile=&#8221;10&#8243;][vc_custom_heading text=&#8221;MENU*&#8221; font_container=&#8221;tag:h4|text_align:center&#8221; use_theme_fonts=&#8221;yes&#8221; css=&#8221;.vc_custom_1584721028398{margin-bottom: 10px !important;}&#8221; el_class=&#8221;sm-text-center&#8221;][stm_spacer height_tablet=&#8221;10&#8243; height_mobile=&#8221;10&#8243;][vc_column_text el_class=&#8221;sm-text-center&#8221;]<\/p>\n<p style=\"text-align: center;\">Pol\u00e9vka dne<\/p>\n<p style=\"text-align: center;\">Wiener \u0159\u00edzek s m\u00edchan\u00fdm sal\u00e1tem<\/p>\n<p style=\"text-align: center;\">Pe\u010den\u00e9 vep\u0159ov\u00e9 s kysan\u00fdm zel\u00edm a houskov\u00fdm knedl\u00edkem<\/p>\n<p style=\"text-align: center;\">Pe\u010den\u00e9 vep\u0159ov\u00e9 maso s m\u00edchan\u00fdm sal\u00e1tem a knedl\u00edkem<\/p>\n<p style=\"text-align: center;\">Uzen\u00e9 zel\u00ed a knedl\u00edky<\/p>\n<p style=\"text-align: center;\">Ko\u0159enov\u00e9 maso ve \u0160t\u00fdrsku s bramborami a k\u0159enem<\/p>\n<p>[\/vc_column_text][vc_separator][vc_column_text el_class=&#8221;sm-text-center&#8221;]<\/p>\n<p id=\"tw-target-text\" class=\"tw-data-text tw-text-large tw-ta\" dir=\"ltr\" style=\"text-align: center;\" data-placeholder=\"Translation\"><span lang=\"cs\">Pe\u010den\u00fd kv\u011bt\u00e1k se sm\u00ed\u0161en\u00fdm Sal\u00e1t a tatarsk\u00e1 om\u00e1\u010dka<\/span><\/p>\n<p>[\/vc_column_text][vc_separator][vc_separator][vc_separator][vc_column_text el_class=&#8221;sm-text-center&#8221;]<\/p>\n<div class=\"jhH5U\">\n<div id=\"tw-ob\" class=\"tw-src-ltr\">\n<div class=\"oSioSc\">\n<div id=\"tw-target\">\n<div id=\"kAz1tf\" class=\"g9WsWb\">\n<div id=\"tw-target-text-container\" class=\"tw-ta-container tw-nfl\" tabindex=\"0\">\n<p id=\"tw-target-text\" class=\"tw-data-text tw-text-large tw-ta\" dir=\"ltr\" style=\"text-align: center;\" data-placeholder=\"Translation\"><span lang=\"cs\">* Ceny menu pro skupiny 20 a v\u00edce osob<\/span><\/p>\n<\/div>\n<\/div>\n<\/div>\n<\/div>\n<\/div>\n<\/div>\n<p>[\/vc_column_text][vc_custom_heading text=&#8221;MOU\u010cN\u00cdK&#8221; font_container=&#8221;tag:h4|text_align:center&#8221; use_theme_fonts=&#8221;yes&#8221; css=&#8221;.vc_custom_1584722027871{margin-bottom: 10px !important;}&#8221; el_class=&#8221;sm-text-center&#8221;][vc_column_text el_class=&#8221;sm-text-center&#8221;]<\/p>\n<div class=\"jhH5U\">\n<div id=\"tw-ob\" class=\"tw-src-ltr\">\n<div class=\"oSioSc\">\n<div id=\"tw-target\">\n<div id=\"kAz1tf\" class=\"g9WsWb\">\n<div id=\"tw-target-text-container\" class=\"tw-ta-container tw-nfl\" tabindex=\"0\">\n<p id=\"tw-target-text\" class=\"tw-data-text tw-text-large tw-ta\" dir=\"ltr\" style=\"text-align: center;\" data-placeholder=\"Translation\">Star\u00fd v\u00edde\u0148sk\u00fd jable\u010dn\u00fd z\u00e1vin, bor\u016fvkov\u00fd z\u00e1vin se \u0161leha\u010dkou, tvarohov\u00fd z\u00e1vin pod\u00e1van\u00fd tepl\u00fd nebo &#8220;Schneebergkrapfen&#8221;<\/p>\n<\/div>\n<\/div>\n<\/div>\n<\/div>\n<\/div>\n<\/div>\n<p>[\/vc_column_text][stm_spacer height_tablet=&#8221;30&#8243; height_mobile=&#8221;30&#8243;][\/vc_column][vc_column width=&#8221;1\/6&#8243;][\/vc_column][\/vc_row][vc_row][vc_column][stm_spacer height=&#8221;30&#8243; height_tablet=&#8221;30&#8243; height_mobile=&#8221;30&#8243;][\/vc_column][\/vc_row][vc_row][vc_column][stm_spacer height=&#8221;30&#8243; height_tablet=&#8221;30&#8243; height_mobile=&#8221;30&#8243;][\/vc_column][\/vc_row][vc_row shadow_x_offset=&#8221;0&#8243; shadow_y_offset=&#8221;0&#8243; shadow_blur=&#8221;0&#8243; shadow_spread=&#8221;0&#8243; shadow_color=&#8221;&#8221;][vc_column][stm_carousel_gallery images_effect=&#8221;0&#8243; lightgallery=&#8221;disable&#8221; images_margin=&#8221;50&#8243; navigation=&#8221;disable&#8221; thumbnails=&#8221;disable&#8221; description=&#8221;disable&#8221; pagination=&#8221;disable&#8221; dots=&#8221;enable&#8221; images=&#8221;1636,1641,1638,1637,1639,1640,1642&#8243; image_size=&#8221;1170&#215;650&#8243;][\/vc_column][\/vc_row]<\/p>","protected":false},"excerpt":{"rendered":"<p>[vc_row][vc_column][vc_custom_heading source=&#8221;post_title&#8221; font_container=&#8221;tag:h2|text_align:center&#8221; use_theme_fonts=&#8221;yes&#8221; css=&#8221;.vc_custom_1539948683235{margin-bottom: 60px !important;}&#8221;][stm_spacer height=&#8221;30&#8243; height_tablet=&#8221;30&#8243; height_mobile=&#8221;30&#8243;][\/vc_column][\/vc_row][vc_row shadow_x_offset=&#8221;0&#8243; shadow_y_offset=&#8221;0&#8243; shadow_blur=&#8221;0&#8243; shadow_spread=&#8221;0&#8243; shadow_color=&#8221;&#8221; css=&#8221;.vc_custom_1584721536478{background-color: #f9f9f9 !important;}&#8221;][vc_column width=&#8221;1\/6&#8243;][\/vc_column][vc_column width=&#8221;1\/6&#8243; shadow_x_offset=&#8221;0&#8243; shadow_y_offset=&#8221;0&#8243; shadow_blur=&#8221;0&#8243; shadow_spread=&#8221;0&#8243; shadow_color=&#8221;&#8221; offset=&#8221;vc_col-lg-8 vc_col-md-8&#8243;][stm_spacer height_tablet=&#8221;10&#8243; height_mobile=&#8221;10&#8243;][vc_custom_heading text=&#8221;MENU*&#8221; font_container=&#8221;tag:h4|text_align:center&#8221; use_theme_fonts=&#8221;yes&#8221; css=&#8221;.vc_custom_1584721028398{margin-bottom: 10px !important;}&#8221; el_class=&#8221;sm-text-center&#8221;][stm_spacer height_tablet=&#8221;10&#8243; height_mobile=&#8221;10&#8243;][vc_column_text el_class=&#8221;sm-text-center&#8221;] Pol\u00e9vka dne Wiener \u0159\u00edzek s m\u00edchan\u00fdm sal\u00e1tem Pe\u010den\u00e9 vep\u0159ov\u00e9 s kysan\u00fdm zel\u00edm a houskov\u00fdm knedl\u00edkem Pe\u010den\u00e9 [&hellip;]<\/p>\n","protected":false},"author":1,"featured_media":0,"parent":0,"menu_order":0,"comment_status":"closed","ping_status":"closed","template":"","meta":[],"_links":{"self":[{"href":"https:\/\/berghaushochschneeberg.at\/cz\/wp-json\/wp\/v2\/pages\/1377"}],"collection":[{"href":"https:\/\/berghaushochschneeberg.at\/cz\/wp-json\/wp\/v2\/pages"}],"about":[{"href":"https:\/\/berghaushochschneeberg.at\/cz\/wp-json\/wp\/v2\/types\/page"}],"author":[{"embeddable":true,"href":"https:\/\/berghaushochschneeberg.at\/cz\/wp-json\/wp\/v2\/users\/1"}],"replies":[{"embeddable":true,"href":"https:\/\/berghaushochschneeberg.at\/cz\/wp-json\/wp\/v2\/comments?post=1377"}],"version-history":[{"count":74,"href":"https:\/\/berghaushochschneeberg.at\/cz\/wp-json\/wp\/v2\/pages\/1377\/revisions"}],"predecessor-version":[{"id":2102,"href":"https:\/\/berghaushochschneeberg.at\/cz\/wp-json\/wp\/v2\/pages\/1377\/revisions\/2102"}],"wp:attachment":[{"href":"https:\/\/berghaushochschneeberg.at\/cz\/wp-json\/wp\/v2\/media?parent=1377"}],"curies":[{"name":"wp","href":"https:\/\/api.w.org\/{rel}","templated":true}]}}