{"id":11,"date":"2020-03-21T04:39:02","date_gmt":"2020-03-21T04:39:02","guid":{"rendered":"http:\/\/multipurpose.loc\/hotel\/?page_id=7"},"modified":"2025-04-04T10:01:27","modified_gmt":"2025-04-04T10:01:27","slug":"front-page","status":"publish","type":"page","link":"https:\/\/berghaushochschneeberg.at\/cz\/","title":{"rendered":"Dom\u016f"},"content":{"rendered":"<p>[vc_row][vc_column][vc_column_text][\/vc_column_text][\/vc_column][\/vc_row][vc_row full_width=&#8221;stretch_row_content_no_spaces&#8221; shadow_x_offset=&#8221;0&#8243; shadow_y_offset=&#8221;0&#8243; shadow_blur=&#8221;0&#8243; shadow_spread=&#8221;0&#8243; shadow_color=&#8221;&#8221; el_class=&#8221;overlap&#8221;][vc_column shadow_x_offset=&#8221;0&#8243; shadow_y_offset=&#8221;0&#8243; shadow_blur=&#8221;0&#8243; shadow_spread=&#8221;0&#8243; offset=&#8221;vc_col-xs-12&#8243;][rev_slider_vc alias=&#8221;home-11&#8243;][\/vc_column][\/vc_row][vc_section css=&#8221;.vc_custom_1539758021945{background-position: 0 0 !important;background-repeat: repeat !important;}&#8221;][vc_row][vc_column][stm_spacer height=&#8221;60&#8243; height_tablet=&#8221;70&#8243; height_mobile=&#8221;50&#8243;][vc_custom_heading text=&#8221;O n\u00e1s&#8221; font_container=&#8221;tag:h2|text_align:center&#8221; use_theme_fonts=&#8221;yes&#8221; heading_icon_color=&#8221;ttc&#8221;][stm_spacer height=&#8221;87&#8243; height_tablet=&#8221;60&#8243; height_mobile=&#8221;40&#8243;][\/vc_column][\/vc_row][vc_row][vc_column shadow_x_offset=&#8221;0&#8243; shadow_y_offset=&#8221;0&#8243; shadow_blur=&#8221;0&#8243; shadow_spread=&#8221;0&#8243; offset=&#8221;vc_col-lg-6 vc_col-md-6&#8243;][stm_spacer height=&#8221;15&#8243; height_tablet=&#8221;15&#8243; height_mobile=&#8221;15&#8243;][vc_row_inner][vc_column_inner width=&#8221;1\/2&#8243;][stm_icon_box icon_size=&#8221;32&#8243; icon_height=&#8221;39&#8243; icon_width=&#8221;47&#8243; title=&#8221;Panorama&#8221; iconbox_css=&#8221;.vc_custom_1584703990900{margin-top: -5px !important;}&#8221; css=&#8221;.vc_custom_1584703990901{margin-bottom: 6px !important;}&#8221;][\/stm_icon_box][vc_column_text css=&#8221;.vc_custom_1584704819826{margin-bottom: 0px !important;}&#8221;]<\/p>\n<div class=\"jhH5U\">\n<div id=\"tw-ob\" class=\"tw-src-ltr\">\n<div class=\"oSioSc\">\n<div id=\"tw-target\">\n<div id=\"kAz1tf\" class=\"g9WsWb\">\n<div id=\"tw-target-text-container\" class=\"tw-ta-container tw-nfl\" tabindex=\"0\">\n<p id=\"tw-target-text\" class=\"tw-data-text tw-text-large tw-ta\" dir=\"ltr\" data-placeholder=\"Translation\"><span lang=\"cs\">Kr\u00e1sn\u00e1 lokalita s n\u00e1dhern\u00fdm panoramatick\u00fdm v\u00fdhledem dol\u016f na ma\u010farskou n\u00ed\u017einu<\/span><\/p>\n<\/div>\n<\/div>\n<\/div>\n<\/div>\n<\/div>\n<\/div>\n<p>[\/vc_column_text][stm_spacer height=&#8221;13&#8243; height_tablet=&#8221;10&#8243; height_mobile=&#8221;10&#8243;][\/vc_column_inner][vc_column_inner width=&#8221;1\/2&#8243;][stm_icon_box icon_size=&#8221;31&#8243; icon_height=&#8221;39&#8243; icon_width=&#8221;47&#8243; title=&#8221;Turistick\u00e9 trasy&#8221; iconbox_css=&#8221;.vc_custom_1584705641907{margin-top: -5px !important;}&#8221; css=&#8221;.vc_custom_1584705641908{margin-bottom: 6px !important;}&#8221;]<\/p>\n<div class=\"jhH5U\">\n<div id=\"tw-ob\" class=\"tw-src-ltr\">\n<div class=\"oSioSc\">\n<div id=\"tw-target\">\n<div id=\"kAz1tf\" class=\"g9WsWb\">\n<div id=\"tw-target-text-container\" class=\"tw-ta-container tw-nfl\" tabindex=\"0\">\n<p id=\"tw-target-text\" class=\"tw-data-text tw-text-large tw-ta\" dir=\"ltr\" data-placeholder=\"Translation\">\n<\/div>\n<\/div>\n<\/div>\n<\/div>\n<\/div>\n<div class=\"dURPtb\"><\/div>\n<div>\n<div><\/div>\n<\/div>\n<\/div>\n<p>[\/stm_icon_box][vc_column_text]<\/p>\n<div class=\"jhH5U\">\n<div id=\"tw-ob\" class=\"tw-src-ltr\">\n<div class=\"oSioSc\">\n<div id=\"tw-target\">\n<div id=\"kAz1tf\" class=\"g9WsWb\">\n<div id=\"tw-target-text-container\" class=\"tw-ta-container tw-nfl\" tabindex=\"0\">\n<p id=\"tw-target-text\" class=\"tw-data-text tw-text-large tw-ta\" dir=\"ltr\" data-placeholder=\"Translation\"><span lang=\"cs\">Pro turisty je Berghaus v\u00fdchoz\u00edm bodem pro hodinovou okru\u017en\u00ed proch\u00e1zku \u201eParadies der Blick\u201c<\/span><\/p>\n<\/div>\n<\/div>\n<\/div>\n<\/div>\n<\/div>\n<\/div>\n<p>[\/vc_column_text][stm_spacer height=&#8221;13&#8243; height_tablet=&#8221;10&#8243; height_mobile=&#8221;10&#8243;][\/vc_column_inner][\/vc_row_inner][vc_row_inner][vc_column_inner width=&#8221;1\/2&#8243;][stm_icon_box icon_size=&#8221;33&#8243; icon_height=&#8221;39&#8243; icon_width=&#8221;47&#8243; title=&#8221;Labu\u017en\u00edk&#8221; iconbox_css=&#8221;.vc_custom_1584704599781{margin-top: -5px !important;}&#8221; css=&#8221;.vc_custom_1584704599782{margin-bottom: 12px !important;}&#8221;][\/stm_icon_box][vc_column_text]<\/p>\n<div class=\"jhH5U\">\n<div id=\"tw-ob\" class=\"tw-ess tw-src-ltr\">\n<div class=\"oSioSc\">\n<div id=\"tw-target\">\n<div id=\"kAz1tf\" class=\"g9WsWb\">\n<div id=\"tw-target-text-container\" class=\"tw-ta-container tw-nfl\" tabindex=\"0\">\n<p id=\"tw-target-text\" class=\"tw-data-text tw-text-large tw-ta\" dir=\"ltr\" data-placeholder=\"Translation\"><span lang=\"cs\">Pro labu\u017en\u00edky je va\u0159en\u00e9 hov\u011bz\u00ed maso s &#8220;Alpensauerampfer&#8221;, n\u00e1sledovan\u00e9 &#8220;Schneebergkrapfen&#8221;<\/span><\/p>\n<\/div>\n<\/div>\n<\/div>\n<\/div>\n<\/div>\n<\/div>\n<p>[\/vc_column_text][\/vc_column_inner][vc_column_inner width=&#8221;1\/2&#8243;][stm_icon_box icon_size=&#8221;30&#8243; icon_height=&#8221;39&#8243; icon_width=&#8221;47&#8243; title=&#8221;Schneebergbahn&#8221; iconbox_css=&#8221;.vc_custom_1584705124686{margin-top: -5px !important;}&#8221; css=&#8221;.vc_custom_1584705124687{margin-bottom: 12px !important;}&#8221;][\/stm_icon_box][vc_column_text]<\/p>\n<div class=\"jhH5U\">\n<div id=\"tw-ob\" class=\"tw-ess tw-src-ltr\">\n<div class=\"oSioSc\">\n<div id=\"tw-target\">\n<div id=\"kAz1tf\" class=\"g9WsWb\">\n<div id=\"tw-target-text-container\" class=\"tw-ta-container tw-nfl\" tabindex=\"0\">\n<p class=\"tw-data-text tw-text-large tw-ta\" dir=\"ltr\" data-placeholder=\"Translation\"><span lang=\"cs\">Schneebergbahn vede z dolnorakousk\u00e9ho m\u011bsta Puchberg am Schneeberg k n\u00e1horn\u00ed plo<\/span><span lang=\"cs\">\u0161in\u011b pod vrcholem Schneeberg<\/span><\/p>\n<\/div>\n<\/div>\n<\/div>\n<\/div>\n<\/div>\n<\/div>\n<div class=\"jhH5U\">\n<div id=\"tw-ob\" class=\"tw-src-ltr\">\n<div class=\"oSioSc\">\n<div id=\"tw-target\">\n<div id=\"kAz1tf\" class=\"g9WsWb\">\n<div class=\"iYB33c\">\n<div id=\"tw-tmenu\" class=\"tw-menu\"><\/div>\n<\/div>\n<\/div>\n<\/div>\n<\/div>\n<\/div>\n<div id=\"tw-images\"><\/div>\n<div class=\"dURPtb\"><\/div>\n<div>\n<div><\/div>\n<\/div>\n<\/div>\n<p>[\/vc_column_text][\/vc_column_inner][\/vc_row_inner][\/vc_column][vc_column shadow_x_offset=&#8221;0&#8243; shadow_y_offset=&#8221;0&#8243; shadow_blur=&#8221;0&#8243; shadow_spread=&#8221;0&#8243; offset=&#8221;vc_col-lg-offset-1 vc_col-lg-5 vc_col-md-offset-1 vc_col-md-5 vc_hidden-sm vc_hidden-xs&#8221;][vc_single_image image=&#8221;1431&#8243; img_size=&#8221;large&#8221; alignment=&#8221;center&#8221;][\/vc_column][\/vc_row][vc_row][vc_column][stm_spacer height=&#8221;50&#8243; height_tablet=&#8221;100&#8243; height_mobile=&#8221;70&#8243;][\/vc_column][\/vc_row][\/vc_section][vc_row full_width=&#8221;stretch_row&#8221; shadow_x_offset=&#8221;0&#8243; shadow_y_offset=&#8221;0&#8243; shadow_blur=&#8221;0&#8243; shadow_spread=&#8221;0&#8243; shadow_color=&#8221;&#8221; css=&#8221;.vc_custom_1539777121042{margin-bottom: 1px !important;background-color: #f8f8f8 !important;background-position: 0 0 !important;background-repeat: repeat !important;}&#8221;][vc_column stretch=&#8221;left&#8221; shadow_x_offset=&#8221;0&#8243; shadow_y_offset=&#8221;0&#8243; shadow_blur=&#8221;0&#8243; shadow_spread=&#8221;0&#8243; shadow_color=&#8221;&#8221; offset=&#8221;vc_col-lg-6 vc_col-md-7&#8243;][vc_single_image image=&#8221;1413&#8243; img_size=&#8221;full&#8221;][\/vc_column][vc_column shadow_x_offset=&#8221;0&#8243; shadow_y_offset=&#8221;0&#8243; shadow_blur=&#8221;0&#8243; shadow_spread=&#8221;0&#8243; offset=&#8221;vc_col-lg-offset-1 vc_col-lg-5 vc_col-md-offset-1 vc_col-md-4 vc_col-sm-offset-0&#8243;][stm_spacer height=&#8221;32&#8243; height_tablet=&#8221;50&#8243; height_mobile=&#8221;50&#8243; height_laptop=&#8221;30&#8243;][vc_custom_heading text=&#8221;Na\u0161e pokoje&#8221; font_container=&#8221;tag:h2|font_size:38|text_align:left|line_height:40px&#8221; use_theme_fonts=&#8221;yes&#8221;][vc_column_text]<em><strong>Ceny v\u0161ech pokoj\u016f na vy\u017e\u00e1d\u00e1n\u00ed!<\/strong><\/em><\/p>\n<ul class=\"icon-list-1\">\n<li>jednoduch\u00e9 pokoje<\/li>\n<li>Pokoj v\u010detn\u011b sn\u00eddan\u011b se sprchou a verandou<\/li>\n<li>C\u00edsa\u0159sk\u00fd byt v\u010detn\u011b sn\u00eddan\u011b<\/li>\n<\/ul>\n<p>[\/vc_column_text][stm_spacer height_tablet=&#8221;50&#8243;][stm_spacer height_tablet=&#8221;50&#8243;][stm_cta button_icon_pos=&#8221;&#8221; link=&#8221;url:https%3A%2F%2Fcz.berghaushochschneeberg.at%2Fzimmer%2F|title:Dozv%C4%9Bd%C4%9Bt%20se%20v%C3%ADce||&#8221;][\/stm_cta][\/vc_column][\/vc_row][vc_section][vc_row][vc_column][stm_spacer height=&#8221;50&#8243; height_tablet=&#8221;100&#8243; height_mobile=&#8221;70&#8243;][\/vc_column][\/vc_row][\/vc_section][vc_section][vc_row][vc_column][vc_custom_heading text=&#8221;Turistick\u00e9 trasy&#8221; font_container=&#8221;tag:h2|font_size:38px|text_align:center&#8221; use_theme_fonts=&#8221;yes&#8221;][vc_column_text]Berghaus Hochschneeberg lze pou\u017e\u00edt jako v\u00fdchoz\u00ed bod pro okru\u017en\u00ed proch\u00e1zku \u201eParadies der Blick\u201c (doba ch\u016fze 1:30 h, vhodn\u00e1 tak\u00e9 pro d\u011bti).<br \/>\nDal\u0161\u00ed z\u00e1jezdy:<\/p>\n<ul class=\"icon-list-1\">\n<li style=\"font-size: 15px; text-align: left;\">Waxriegel (1.888 m, 45 min),<\/li>\n<li style=\"font-size: 15px; text-align: left;\">Klosterwappen (2.076 m, 1 h),<\/li>\n<li style=\"font-size: 15px; text-align: left;\">Kaiserstein (2.061 m, 1 h),<\/li>\n<li style=\"font-size: 15px; text-align: left;\">Zahnradbahnwanderweg nach Puchberg am Schneeberg (2 h)<\/li>\n<\/ul>\n<p>[\/vc_column_text][\/vc_column][\/vc_row][\/vc_section][vc_row][vc_column][stm_spacer height=&#8221;50&#8243; height_tablet=&#8221;100&#8243; height_mobile=&#8221;70&#8243;][\/vc_column][\/vc_row][vc_section][vc_row full_width=&#8221;stretch_row&#8221; shadow_x_offset=&#8221;0&#8243; shadow_y_offset=&#8221;0&#8243; shadow_blur=&#8221;0&#8243; shadow_spread=&#8221;0&#8243; shadow_color=&#8221;&#8221; css=&#8221;.vc_custom_1539759345328{background-color: #212a42 !important;}&#8221;][vc_column shadow_x_offset=&#8221;0&#8243; shadow_y_offset=&#8221;0&#8243; shadow_blur=&#8221;0&#8243; shadow_spread=&#8221;0&#8243; shadow_color=&#8221;&#8221; offset=&#8221;vc_col-lg-offset-0 vc_col-lg-5 vc_col-md-offset-0 vc_col-md-5&#8243;][stm_spacer height=&#8221;100&#8243; height_tablet=&#8221;100&#8243; height_mobile=&#8221;70&#8243;][vc_custom_heading text=&#8221;Informace&#8221; font_container=&#8221;tag:h4|font_size:38|text_align:left|color:%23ffffff|line_height:40px&#8221; use_theme_fonts=&#8221;yes&#8221; css=&#8221;.vc_custom_1584881660383{margin-bottom: 35px !important;}&#8221;][vc_custom_heading text=&#8221;Prostory&#8221; font_container=&#8221;tag:h5|font_size:24|text_align:left|color:%23ffffff|line_height:40px&#8221; use_theme_fonts=&#8221;yes&#8221;][vc_column_text]<\/p>\n<ul class=\"icon-list-1\" style=\"color: white;\">\n<li>Hork\u00e9 sprchy na pokoji, p\u0159\u00edjem mobiln\u00edch telefon\u016f, WiFi, psi povoleni<\/li>\n<\/ul>\n<p>[\/vc_column_text][vc_custom_heading text=&#8221;Otev\u00edrac\u00ed doba&#8221; font_container=&#8221;tag:h5|font_size:24|text_align:left|color:%23ffffff|line_height:40px&#8221; use_theme_fonts=&#8221;yes&#8221;][vc_column_text]<\/p>\n<ul class=\"icon-list-1\" style=\"color: white;\">\n<li>Otev\u0159eno od konce dubna do konce \u0159\u00edjna<\/li>\n<\/ul>\n<p>[\/vc_column_text][vc_custom_heading text=&#8221;Parkov\u00e1n\u00ed&#8221; font_container=&#8221;tag:h5|font_size:24|text_align:left|color:%23ffffff|line_height:40px&#8221; use_theme_fonts=&#8221;yes&#8221;][vc_column_text]<\/p>\n<ul class=\"icon-list-1\" style=\"color: white;\">\n<li>Parkov\u00e1n\u00ed u doln\u00ed stanice (Losenheimer Stra\u00dfe)<\/li>\n<\/ul>\n<p>[\/vc_column_text][\/vc_column][vc_column width=&#8221;1\/12&#8243; shadow_x_offset=&#8221;0&#8243; shadow_y_offset=&#8221;0&#8243; shadow_blur=&#8221;0&#8243; shadow_spread=&#8221;0&#8243; offset=&#8221;vc_hidden-sm vc_hidden-xs&#8221;][\/vc_column][vc_column stretch=&#8221;right&#8221; width=&#8221;1\/2&#8243; shadow_x_offset=&#8221;0&#8243; shadow_y_offset=&#8221;0&#8243; shadow_blur=&#8221;0&#8243; shadow_spread=&#8221;0&#8243; shadow_color=&#8221;&#8221; css=&#8221;.vc_custom_1584877406324{background-image: url(https:\/\/berghaushochschneeberg.at\/wp-content\/uploads\/2020\/03\/holly-mandarich-UVyOfX3v0Ls-unsplash-scaled.jpg?id=1740) !important;}&#8221;][stm_spacer height=&#8221;637&#8243; height_tablet=&#8221;637&#8243; height_mobile=&#8221;500&#8243;][\/vc_column][\/vc_row][\/vc_section][vc_row][vc_column][vc_column_text][\/vc_column_text][\/vc_column][\/vc_row]<\/p>","protected":false},"excerpt":{"rendered":"<p>[vc_row][vc_column][vc_column_text][\/vc_column_text][\/vc_column][\/vc_row][vc_row full_width=&#8221;stretch_row_content_no_spaces&#8221; shadow_x_offset=&#8221;0&#8243; shadow_y_offset=&#8221;0&#8243; shadow_blur=&#8221;0&#8243; shadow_spread=&#8221;0&#8243; shadow_color=&#8221;&#8221; el_class=&#8221;overlap&#8221;][vc_column shadow_x_offset=&#8221;0&#8243; shadow_y_offset=&#8221;0&#8243; shadow_blur=&#8221;0&#8243; shadow_spread=&#8221;0&#8243; offset=&#8221;vc_col-xs-12&#8243;][rev_slider_vc alias=&#8221;home-11&#8243;][\/vc_column][\/vc_row][vc_section css=&#8221;.vc_custom_1539758021945{background-position: 0 0 !important;background-repeat: repeat !important;}&#8221;][vc_row][vc_column][stm_spacer height=&#8221;60&#8243; height_tablet=&#8221;70&#8243; height_mobile=&#8221;50&#8243;][vc_custom_heading text=&#8221;O n\u00e1s&#8221; font_container=&#8221;tag:h2|text_align:center&#8221; use_theme_fonts=&#8221;yes&#8221; heading_icon_color=&#8221;ttc&#8221;][stm_spacer height=&#8221;87&#8243; height_tablet=&#8221;60&#8243; height_mobile=&#8221;40&#8243;][\/vc_column][\/vc_row][vc_row][vc_column shadow_x_offset=&#8221;0&#8243; shadow_y_offset=&#8221;0&#8243; shadow_blur=&#8221;0&#8243; shadow_spread=&#8221;0&#8243; offset=&#8221;vc_col-lg-6 vc_col-md-6&#8243;][stm_spacer height=&#8221;15&#8243; height_tablet=&#8221;15&#8243; height_mobile=&#8221;15&#8243;][vc_row_inner][vc_column_inner width=&#8221;1\/2&#8243;][stm_icon_box icon_size=&#8221;32&#8243; icon_height=&#8221;39&#8243; icon_width=&#8221;47&#8243; title=&#8221;Panorama&#8221; iconbox_css=&#8221;.vc_custom_1584703990900{margin-top: -5px !important;}&#8221; css=&#8221;.vc_custom_1584703990901{margin-bottom: 6px !important;}&#8221;][\/stm_icon_box][vc_column_text css=&#8221;.vc_custom_1584704819826{margin-bottom: 0px !important;}&#8221;] Kr\u00e1sn\u00e1 [&hellip;]<\/p>\n","protected":false},"author":1,"featured_media":0,"parent":0,"menu_order":0,"comment_status":"closed","ping_status":"closed","template":"","meta":[],"_links":{"self":[{"href":"https:\/\/berghaushochschneeberg.at\/cz\/wp-json\/wp\/v2\/pages\/11"}],"collection":[{"href":"https:\/\/berghaushochschneeberg.at\/cz\/wp-json\/wp\/v2\/pages"}],"about":[{"href":"https:\/\/berghaushochschneeberg.at\/cz\/wp-json\/wp\/v2\/types\/page"}],"author":[{"embeddable":true,"href":"https:\/\/berghaushochschneeberg.at\/cz\/wp-json\/wp\/v2\/users\/1"}],"replies":[{"embeddable":true,"href":"https:\/\/berghaushochschneeberg.at\/cz\/wp-json\/wp\/v2\/comments?post=11"}],"version-history":[{"count":218,"href":"https:\/\/berghaushochschneeberg.at\/cz\/wp-json\/wp\/v2\/pages\/11\/revisions"}],"predecessor-version":[{"id":2141,"href":"https:\/\/berghaushochschneeberg.at\/cz\/wp-json\/wp\/v2\/pages\/11\/revisions\/2141"}],"wp:attachment":[{"href":"https:\/\/berghaushochschneeberg.at\/cz\/wp-json\/wp\/v2\/media?parent=11"}],"curies":[{"name":"wp","href":"https:\/\/api.w.org\/{rel}","templated":true}]}}